{"id":57560,"date":"2017-05-09T15:56:39","date_gmt":"2017-05-09T13:56:39","guid":{"rendered":"https:\/\/undsgn.com\/uncode_new\/?page_id=57560"},"modified":"2025-06-08T14:11:01","modified_gmt":"2025-06-08T13:11:01","slug":"acceuil","status":"publish","type":"page","link":"https:\/\/www.tecnoservice.ch\/web\/","title":{"rendered":"Accueil"},"content":{"rendered":"<div class=\"wpb-content-wrapper\"><p>[vc_row row_height_percent=\u00a0\u00bb0&Prime; override_padding=\u00a0\u00bbyes\u00a0\u00bb h_padding=\u00a0\u00bb2&Prime; top_padding=\u00a0\u00bb4&Prime; bottom_padding=\u00a0\u00bb3&Prime; overlay_alpha=\u00a0\u00bb50&Prime; gutter_size=\u00a0\u00bb3&Prime; column_width_percent=\u00a0\u00bb100&Prime; shift_y=\u00a0\u00bb0&Prime; z_index=\u00a0\u00bb0&Prime;][vc_column column_width_percent=\u00a0\u00bb100&Prime; gutter_size=\u00a0\u00bb3&Prime; overlay_alpha=\u00a0\u00bb50&Prime; shift_x=\u00a0\u00bb0&Prime; shift_y=\u00a0\u00bb0&Prime; shift_y_down=\u00a0\u00bb0&Prime; z_index=\u00a0\u00bb0&Prime; medium_width=\u00a0\u00bb0&Prime; mobile_width=\u00a0\u00bb0&Prime; width=\u00a0\u00bb1\/1&Prime;][vc_row_inner row_inner_height_percent=\u00a0\u00bb0&Prime; overlay_alpha=\u00a0\u00bb50&Prime; gutter_size=\u00a0\u00bb4&Prime; shift_y=\u00a0\u00bb0&Prime;][vc_column_inner column_width_percent=\u00a0\u00bb100&Prime; gutter_size=\u00a0\u00bb4&Prime; overlay_alpha=\u00a0\u00bb50&Prime; shift_x=\u00a0\u00bb0&Prime; shift_y=\u00a0\u00bb0&Prime; shift_y_down=\u00a0\u00bb0&Prime; z_index=\u00a0\u00bb0&Prime; medium_width=\u00a0\u00bb0&Prime; mobile_width=\u00a0\u00bb0&Prime; sticky=\u00a0\u00bbyes\u00a0\u00bb width=\u00a0\u00bb3\/12&Prime;][vc_separator sep_color=\u00a0\u00bbaccent\u00a0\u00bb][vc_custom_heading text_weight=\u00a0\u00bb300&Prime; text_height=\u00a0\u00bbfontheight-357766&Prime; text_space=\u00a0\u00bbfontspace-781688&Prime;]A propos[\/vc_custom_heading][\/vc_column_inner][vc_column_inner column_width_percent=\u00a0\u00bb100&Prime; gutter_size=\u00a0\u00bb3&Prime; overlay_alpha=\u00a0\u00bb50&Prime; shift_x=\u00a0\u00bb0&Prime; shift_y=\u00a0\u00bb0&Prime; shift_y_down=\u00a0\u00bb0&Prime; z_index=\u00a0\u00bb0&Prime; medium_width=\u00a0\u00bb0&Prime; mobile_width=\u00a0\u00bb0&Prime; width=\u00a0\u00bb9\/12&Prime;][vc_separator sep_color=\u00a0\u00bbcolor-uydo\u00a0\u00bb][vc_empty_space empty_h=\u00a0\u00bb2&Prime; medium_visibility=\u00a0\u00bbyes\u00a0\u00bb mobile_visibility=\u00a0\u00bbyes\u00a0\u00bb][vc_custom_heading text_color=\u00a0\u00bbcolor-wvjs\u00a0\u00bb heading_semantic=\u00a0\u00bbp\u00a0\u00bb text_weight=\u00a0\u00bb300&Prime; text_height=\u00a0\u00bbfontheight-357766&Prime; text_space=\u00a0\u00bbfontspace-781688&Prime;]<span style=\"color: #000000;\">TECNOSERVICE ENGINEERING SA<\/span>[\/vc_custom_heading][vc_column_text text_lead=\u00a0\u00bbyes\u00a0\u00bb uncode_shortcode_id=\u00a0\u00bb151633&Prime;]<span style=\"color: #000000;\">est un bureau d&rsquo;\u00e9tudes et d&rsquo;ing\u00e9nieurs conseils pour les installations techniques et \u00e9tudes \u00e9nerg\u00e9tiques li\u00e9es au b\u00e2timent et \u00e0 l&rsquo;industrie.<\/span><\/p>\n<p><span style=\"color: #000000;\">Nicolas Anstett (ing\u00e9nieur ETS\/HES), Michel Anstett (ing\u00e9nieur EPFZ) et Alain Anstett (ing\u00e9nieur EPFL) sont les actuels administrateurs de la soci\u00e9t\u00e9.<\/span><\/p>\n<p><span style=\"color: #000000;\">Eric Anstett, Thierry Anstett, Lo\u00efc Anstett, Anthony Meyer et Mohamed El Alami constituent l&rsquo;\u00e9quipe de direction en collaboration avec le conseil d&rsquo;administration.<\/span><\/p>\n<p><span style=\"color: #000000;\">La soci\u00e9t\u00e9 comporte un si\u00e8ge social bas\u00e9 \u00e0 Fribourg, ainsi que 3 succursales situ\u00e9es \u00e0 Martigny, Neuch\u00e2tel et Morges.<\/span> \u00a0<a href=\"http:\/\/www.tecnoservice.ch\/web\/a-propos\/\">En savoir plus &#8230;<\/a>[\/vc_column_text][vc_separator sep_color=\u00a0\u00bbcolor-uydo\u00a0\u00bb][vc_column_text text_lead=\u00a0\u00bbyes\u00a0\u00bb]<\/p>\n<h6><span style=\"color: #999999;\"><span style=\"color: #999999;\">Photos d&rsquo;accueil (illustrant des r\u00e9f\u00e9rences de Tecnoservice) : <\/span><\/span><span style=\"color: #999999;\"><span style=\"color: #999999;\">1) Toitures photovolta\u00efques des nouvelles halles du <em>Marly Innovation Center<\/em><\/span><span style=\"color: #999999;\"><em>\u00a0<\/em>(Marly, FR) &#8211; photo :\u00a0<\/span><\/span><span style=\"color: #999999;\"><span style=\"font-family: 'Arial Black'; font-size: large;\">\u00a9\u00a0<\/span>Tecnoservice Eng. SA ; 2) Ventilateurs d&rsquo;extraction des laboratoires de l&rsquo;Institut<em> Adolphe Merkle<\/em> (Fribourg) &#8211; photo :\u00a0<\/span><span style=\"color: #999999;\"><span style=\"font-family: 'Arial Black'; font-size: large;\">\u00a9\u00a0<\/span>Tecnoservice Eng. SA ; 3) Vue depuis la cour int\u00e9rieure du Vortex (Chavannes-pr\u00e8s-Renens, VD) &#8211; photo :\u00a0<\/span><span style=\"color: #999999;\"><span style=\"font-family: 'Arial Black'; font-size: large;\">\u00a9\u00a0<\/span>CPEV ;\u00a0<\/span><span style=\"color: #999999;\">4)\u00a0<\/span><span style=\"color: #999999;\">B\u00e2timent <em style=\"color: #999999;\">Gustave Julliard<\/em> des\u00a0H\u00f4pitaux Universitaires de Gen\u00e8ve (HUG) &#8211; photo :\u00a0<span style=\"font-family: 'Arial Black'; font-size: large;\">\u00a9<\/span> Luca Fascini ; 5) Cabane de Tracuit (Zinal, VS) &#8211; photo :\u00a0<\/span><span style=\"color: #999999;\"><span style=\"font-family: 'Arial Black'; font-size: large;\">\u00a9<\/span>\u00a0Savioz Fabrizzi Architectes ; 6) Chantier <em>Tivoli Nord<\/em>\u00a0<\/span><span style=\"color: #999999;\">(Serri\u00e8re, NE) &#8211; photo :\u00a0<\/span><span style=\"color: #999999;\"><span style=\"font-family: 'Arial Black'; font-size: large;\">\u00a9\u00a0<\/span>Tecnoservice Eng. SA ; 7)\u00a0<\/span><span style=\"color: #999999;\">Chaufferie \u00e0 bois\u00a0<em style=\"color: #999999;\">La Pala<\/em> (Bulle, FR) &#8211; photo :\u00a0<span style=\"font-family: 'Arial Black'; font-size: large;\">\u00a9\u00a0<\/span>Tecnoservice Eng. SA ; 8) Piscine du CO de la Gl\u00e2ne (Romont, FR) &#8211; photo :\u00a0<\/span><span style=\"color: #999999;\"><span style=\"font-family: 'Arial Black'; font-size: large;\">\u00a9\u00a0<\/span>Tecnoservice Eng. SA ; 9) Quartier d&rsquo;habitation OASSIS (Crissier, VD) &#8211; photo :\u00a0<\/span><span style=\"color: #999999;\"><span style=\"font-family: 'Arial Black'; font-size: large;\">\u00a9\u00a0<\/span><\/span><span style=\"color: #999999;\">Bauart Architectes.<\/span><\/h6>\n<p>[\/vc_column_text][vc_separator sep_color=\u00a0\u00bbcolor-uydo\u00a0\u00bb][\/vc_column_inner][\/vc_row_inner][\/vc_column][\/vc_row][vc_row row_height_percent=\u00a0\u00bb50&Prime; override_padding=\u00a0\u00bbyes\u00a0\u00bb h_padding=\u00a0\u00bb2&Prime; top_padding=\u00a0\u00bb4&Prime; bottom_padding=\u00a0\u00bb4&Prime; back_color=\u00a0\u00bbcolor-wayh\u00a0\u00bb back_image=\u00a0\u00bb73873&Prime; parallax=\u00a0\u00bbyes\u00a0\u00bb overlay_color=\u00a0\u00bbcolor-wayh\u00a0\u00bb overlay_alpha=\u00a0\u00bb40&Prime; gutter_size=\u00a0\u00bb3&Prime; column_width_percent=\u00a0\u00bb100&Prime; shift_y=\u00a0\u00bb0&Prime; z_index=\u00a0\u00bb0&Prime;][vc_column column_width_percent=\u00a0\u00bb100&Prime; position_horizontal=\u00a0\u00bbleft\u00a0\u00bb position_vertical=\u00a0\u00bbbottom\u00a0\u00bb gutter_size=\u00a0\u00bb3&Prime; style=\u00a0\u00bbdark\u00a0\u00bb overlay_alpha=\u00a0\u00bb50&Prime; shift_x=\u00a0\u00bb0&Prime; shift_y=\u00a0\u00bb0&Prime; shift_y_down=\u00a0\u00bb0&Prime; z_index=\u00a0\u00bb0&Prime; medium_width=\u00a0\u00bb0&Prime; mobile_width=\u00a0\u00bb0&Prime; css_animation=\u00a0\u00bbright-t-left\u00a0\u00bb animation_delay=\u00a0\u00bb400&Prime; width=\u00a0\u00bb9\/12&Prime;][vc_empty_space empty_h=\u00a0\u00bb3&Prime; desktop_visibility=\u00a0\u00bbyes\u00a0\u00bb][vc_custom_heading heading_semantic=\u00a0\u00bbp\u00a0\u00bb text_weight=\u00a0\u00bb300&Prime; text_height=\u00a0\u00bbfontheight-357766&Prime; text_space=\u00a0\u00bbfontspace-781688&Prime; text_italic=\u00a0\u00bbyes\u00a0\u00bb]L&rsquo;exp\u00e9rience de Tecnoservice Engineering repose :<\/p>\n<p>sur plus de 50 ans d&rsquo;existence,<\/p>\n<p>et plus de 3&rsquo;500 r\u00e9alisations dans toute la Suisse,<\/p>\n<p>\u00e9tudi\u00e9es dans toute l&rsquo;\u00e9tendue des prestations SIA 108,<\/p>\n<p>dans les domaines techniques et \u00e9nerg\u00e9tiques du b\u00e2timent et de l&rsquo;industrie.[\/vc_custom_heading][vc_empty_space empty_h=\u00a0\u00bb2&Prime; desktop_visibility=\u00a0\u00bbyes\u00a0\u00bb][\/vc_column][vc_column column_width_percent=\u00a0\u00bb100&Prime; gutter_size=\u00a0\u00bb3&Prime; overlay_alpha=\u00a0\u00bb50&Prime; shift_x=\u00a0\u00bb0&Prime; shift_y=\u00a0\u00bb0&Prime; shift_y_down=\u00a0\u00bb0&Prime; z_index=\u00a0\u00bb0&Prime; medium_visibility=\u00a0\u00bbyes\u00a0\u00bb medium_width=\u00a0\u00bb0&Prime; mobile_visibility=\u00a0\u00bbyes\u00a0\u00bb mobile_width=\u00a0\u00bb0&Prime; width=\u00a0\u00bb3\/12&Prime;][\/vc_column][\/vc_row][vc_row row_height_percent=\u00a0\u00bb0&Prime; override_padding=\u00a0\u00bbyes\u00a0\u00bb h_padding=\u00a0\u00bb2&Prime; top_padding=\u00a0\u00bb4&Prime; bottom_padding=\u00a0\u00bb4&Prime; back_color=\u00a0\u00bbcolor-lxmt\u00a0\u00bb overlay_alpha=\u00a0\u00bb50&Prime; gutter_size=\u00a0\u00bb3&Prime; column_width_percent=\u00a0\u00bb100&Prime; shift_y=\u00a0\u00bb0&Prime; z_index=\u00a0\u00bb0&Prime;][vc_column column_width_percent=\u00a0\u00bb100&Prime; gutter_size=\u00a0\u00bb3&Prime; overlay_alpha=\u00a0\u00bb50&Prime; shift_x=\u00a0\u00bb0&Prime; shift_y=\u00a0\u00bb0&Prime; shift_y_down=\u00a0\u00bb0&Prime; z_index=\u00a0\u00bb0&Prime; medium_width=\u00a0\u00bb0&Prime; mobile_width=\u00a0\u00bb0&Prime; width=\u00a0\u00bb1\/1&Prime;][vc_row_inner row_inner_height_percent=\u00a0\u00bb0&Prime; overlay_alpha=\u00a0\u00bb50&Prime; gutter_size=\u00a0\u00bb4&Prime; shift_y=\u00a0\u00bb0&Prime;][vc_column_inner column_width_percent=\u00a0\u00bb100&Prime; gutter_size=\u00a0\u00bb4&Prime; overlay_alpha=\u00a0\u00bb50&Prime; shift_x=\u00a0\u00bb0&Prime; shift_y=\u00a0\u00bb0&Prime; shift_y_down=\u00a0\u00bb0&Prime; z_index=\u00a0\u00bb0&Prime; medium_width=\u00a0\u00bb0&Prime; mobile_width=\u00a0\u00bb0&Prime; sticky=\u00a0\u00bbyes\u00a0\u00bb width=\u00a0\u00bb3\/12&Prime;][vc_separator sep_color=\u00a0\u00bbaccent\u00a0\u00bb][vc_custom_heading text_weight=\u00a0\u00bb300&Prime; text_height=\u00a0\u00bbfontheight-357766&Prime; text_space=\u00a0\u00bbfontspace-781688&Prime;]Actualit\u00e9s[\/vc_custom_heading][\/vc_column_inner][vc_column_inner column_width_percent=\u00a0\u00bb100&Prime; gutter_size=\u00a0\u00bb3&Prime; overlay_alpha=\u00a0\u00bb50&Prime; shift_x=\u00a0\u00bb0&Prime; shift_y=\u00a0\u00bb0&Prime; shift_y_down=\u00a0\u00bb0&Prime; z_index=\u00a0\u00bb0&Prime; medium_width=\u00a0\u00bb0&Prime; mobile_width=\u00a0\u00bb0&Prime; width=\u00a0\u00bb9\/12&Prime;][vc_separator sep_color=\u00a0\u00bbcolor-uydo\u00a0\u00bb][vc_empty_space empty_h=\u00a0\u00bb2&Prime;][uncode_index el_id=\u00a0\u00bbindex-205112&Prime; isotope_mode=\u00a0\u00bbvertical\u00a0\u00bb loop=\u00a0\u00bbsize:3|order_by:date|post_type:post\u00a0\u00bb screen_lg=\u00a0\u00bb600&Prime; screen_md=\u00a0\u00bb600&Prime; screen_sm=\u00a0\u00bb480&Prime; gutter_size=\u00a0\u00bb3&Prime; post_items=\u00a0\u00bbdate,title,text|excerpt|260&Prime; single_width=\u00a0\u00bb12&Prime; single_overlay_opacity=\u00a0\u00bb100&Prime; single_padding=\u00a0\u00bb0&Prime; single_title_dimension=\u00a0\u00bbh2&Prime; single_title_weight=\u00a0\u00bb300&Prime; single_title_space=\u00a0\u00bbfontspace-781688&Prime; single_text_lead=\u00a0\u00bbyes\u00a0\u00bb single_border=\u00a0\u00bbyes\u00a0\u00bb][\/vc_column_inner][\/vc_row_inner][\/vc_column][\/vc_row][vc_row row_height_percent=\u00a0\u00bb0&Prime; override_padding=\u00a0\u00bbyes\u00a0\u00bb h_padding=\u00a0\u00bb2&Prime; top_padding=\u00a0\u00bb4&Prime; bottom_padding=\u00a0\u00bb4&Prime; overlay_alpha=\u00a0\u00bb50&Prime; gutter_size=\u00a0\u00bb3&Prime; column_width_percent=\u00a0\u00bb100&Prime; shift_y=\u00a0\u00bb0&Prime; z_index=\u00a0\u00bb0&Prime;][vc_column column_width_percent=\u00a0\u00bb100&Prime; gutter_size=\u00a0\u00bb3&Prime; overlay_alpha=\u00a0\u00bb50&Prime; shift_x=\u00a0\u00bb0&Prime; shift_y=\u00a0\u00bb0&Prime; shift_y_down=\u00a0\u00bb0&Prime; z_index=\u00a0\u00bb0&Prime; medium_width=\u00a0\u00bb0&Prime; mobile_width=\u00a0\u00bb0&Prime; width=\u00a0\u00bb1\/1&Prime;][vc_row_inner row_inner_height_percent=\u00a0\u00bb0&Prime; overlay_alpha=\u00a0\u00bb50&Prime; gutter_size=\u00a0\u00bb4&Prime; shift_y=\u00a0\u00bb0&Prime;][vc_column_inner column_width_percent=\u00a0\u00bb100&Prime; gutter_size=\u00a0\u00bb4&Prime; overlay_alpha=\u00a0\u00bb50&Prime; shift_x=\u00a0\u00bb0&Prime; shift_y=\u00a0\u00bb0&Prime; shift_y_down=\u00a0\u00bb0&Prime; z_index=\u00a0\u00bb0&Prime; medium_width=\u00a0\u00bb0&Prime; mobile_width=\u00a0\u00bb0&Prime; sticky=\u00a0\u00bbyes\u00a0\u00bb width=\u00a0\u00bb3\/12&Prime;][vc_separator sep_color=\u00a0\u00bbaccent\u00a0\u00bb][vc_custom_heading text_weight=\u00a0\u00bb300&Prime; text_height=\u00a0\u00bbfontheight-357766&Prime; text_space=\u00a0\u00bbfontspace-781688&Prime;]Titres, soci\u00e9t\u00e9s et associations[\/vc_custom_heading][\/vc_column_inner][vc_column_inner column_width_percent=\u00a0\u00bb100&Prime; gutter_size=\u00a0\u00bb3&Prime; overlay_alpha=\u00a0\u00bb50&Prime; shift_x=\u00a0\u00bb0&Prime; shift_y=\u00a0\u00bb0&Prime; shift_y_down=\u00a0\u00bb0&Prime; z_index=\u00a0\u00bb0&Prime; medium_width=\u00a0\u00bb0&Prime; mobile_width=\u00a0\u00bb0&Prime; width=\u00a0\u00bb9\/12&Prime;][vc_separator sep_color=\u00a0\u00bbcolor-uydo\u00a0\u00bb][vc_empty_space empty_h=\u00a0\u00bb2&Prime;][vc_custom_heading text_color=\u00a0\u00bbcolor-wvjs\u00a0\u00bb heading_semantic=\u00a0\u00bbp\u00a0\u00bb text_weight=\u00a0\u00bb300&Prime; text_height=\u00a0\u00bbfontheight-357766&Prime; text_space=\u00a0\u00bbfontspace-781688&Prime;]<span style=\"color: #000000;\">TECNOSERVICE ENGINEERING SA<\/span><\/p>\n<p><span style=\"color: #000000;\">Ing\u00e9nieurs dipl. EPFL &#8211; EPFZ &#8211; HES &#8211; ES &#8211; REG A &#8211; SIA<\/span>[\/vc_custom_heading][vc_column_text text_lead=\u00a0\u00bbyes\u00a0\u00bb uncode_shortcode_id=\u00a0\u00bb112588&Prime;]<\/p>\n<ul>\n<li><span style=\"color: #000000;\">SIA : Soci\u00e9t\u00e9 suisse des Ing\u00e9nieurs et Architectes<\/span><\/li>\n<li><span style=\"color: #000000;\">SICC : Soci\u00e9t\u00e9 suisse des Ing\u00e9nieurs en Technique du B\u00e2timent<\/span><\/li>\n<li><span style=\"color: #000000;\">MINERGIE<\/span><\/li>\n<li><span style=\"color: #000000;\">EcoEntreprise<\/span><\/li>\n<li><span style=\"color: #000000;\">Swiss Engineering UTS<\/span><\/li>\n<li><span style=\"color: #000000;\">Suissetec : Association suisse et liechtensteinoise de la technique du b\u00e2timent<\/span><\/li>\n<li><span style=\"color: #000000;\">REG : Registre suisse des ing\u00e9nieurs, des architectes et des techniciens<\/span><\/li>\n<li><span style=\"color: #000000;\">CECB : Membre des experts de Certification \u00c9nerg\u00e9tique Cantonale des B\u00e2timents<\/span><\/li>\n<li><span style=\"color: #000000;\">Energie Bois Suisse<\/span><\/li>\n<li><span style=\"color: #000000;\">SSG : Soci\u00e9t\u00e9 Suisse de G\u00e9othermie<\/span><\/li>\n<li><span style=\"color: #000000;\">ASTECH : Association des techniciens en chauffage, climatisation et froid<\/span><\/li>\n<li><span style=\"color: #000000;\">ASE : Association Suisse des \u00c9lectriciens<\/span><\/li>\n<li><span style=\"color: #000000;\">ABTIE : Association des Bureaux Techniques d&rsquo;Ing\u00e9nieurs en Electricit\u00e9<\/span><\/li>\n<li><span style=\"color: #000000;\">USIE : Union Suisse des Installateurs \u00c9lectriciens<\/span><\/li>\n<li><span style=\"color: #000000;\">ACFIE : Association Cantonale Fribourgeoise des Installateurs \u00c9lectriciens<\/span><\/li>\n<li><span style=\"color: #000000;\">AFMC : Association Fribourgeoise des Mandataires de la Construction<\/span><\/li>\n<li><span style=\"color: #000000;\">CFCI : Chambre Fribourgeoise du Commerce, de l&rsquo;Industrie et des Services<\/span><\/li>\n<li><span style=\"color: #000000;\">UPIAV : Union Patronale des Ing\u00e9nieurs et Architectes du canton de Vaud<\/span><\/li>\n<li><span style=\"color: #000000;\">STF : Soci\u00e9t\u00e9 Technique Fribourgeoise<\/span><\/li>\n<li><span style=\"color: #000000;\">EPFL Alumni<\/span><\/li>\n<li><span style=\"color: #000000;\">SEED : Association Suisse pour des Quartiers Durables<\/span><\/li>\n<\/ul>\n<p>[\/vc_column_text][vc_single_image media=\u00a0\u00bb78866&Prime; media_width_percent=\u00a0\u00bb40&Prime; uncode_shortcode_id=\u00a0\u00bb805490&Prime;][vc_single_image media=\u00a0\u00bb78867&Prime; media_width_percent=\u00a0\u00bb40&Prime; uncode_shortcode_id=\u00a0\u00bb100702&Prime;][\/vc_column_inner][\/vc_row_inner][\/vc_column][\/vc_row]<\/p>\n<\/div>","protected":false},"excerpt":{"rendered":"<p>[vc_row row_height_percent=\u00a0\u00bb0&Prime; override_padding=\u00a0\u00bbyes\u00a0\u00bb h_padding=\u00a0\u00bb2&Prime; top_padding=\u00a0\u00bb4&Prime; bottom_padding=\u00a0\u00bb3&Prime; overlay_alpha=\u00a0\u00bb50&Prime; gutter_size=\u00a0\u00bb3&Prime; column_width_percent=\u00a0\u00bb100&Prime; shift_y=\u00a0\u00bb0&Prime; z_index=\u00a0\u00bb0&Prime;][vc_column column_width_percent=\u00a0\u00bb100&Prime; gutter_size=\u00a0\u00bb3&Prime; overlay_alpha=\u00a0\u00bb50&Prime; shift_x=\u00a0\u00bb0&Prime; shift_y=\u00a0\u00bb0&Prime; shift_y_down=\u00a0\u00bb0&Prime; z_index=\u00a0\u00bb0&Prime; medium_width=\u00a0\u00bb0&Prime; mobile_width=\u00a0\u00bb0&Prime; [&hellip;]<\/p>\n","protected":false},"author":1,"featured_media":0,"parent":0,"menu_order":0,"comment_status":"closed","ping_status":"closed","template":"","meta":{"footnotes":""},"_links":{"self":[{"href":"https:\/\/www.tecnoservice.ch\/web\/wp-json\/wp\/v2\/pages\/57560"}],"collection":[{"href":"https:\/\/www.tecnoservice.ch\/web\/wp-json\/wp\/v2\/pages"}],"about":[{"href":"https:\/\/www.tecnoservice.ch\/web\/wp-json\/wp\/v2\/types\/page"}],"author":[{"embeddable":true,"href":"https:\/\/www.tecnoservice.ch\/web\/wp-json\/wp\/v2\/users\/1"}],"replies":[{"embeddable":true,"href":"https:\/\/www.tecnoservice.ch\/web\/wp-json\/wp\/v2\/comments?post=57560"}],"version-history":[{"count":74,"href":"https:\/\/www.tecnoservice.ch\/web\/wp-json\/wp\/v2\/pages\/57560\/revisions"}],"predecessor-version":[{"id":79275,"href":"https:\/\/www.tecnoservice.ch\/web\/wp-json\/wp\/v2\/pages\/57560\/revisions\/79275"}],"wp:attachment":[{"href":"https:\/\/www.tecnoservice.ch\/web\/wp-json\/wp\/v2\/media?parent=57560"}],"curies":[{"name":"wp","href":"https:\/\/api.w.org\/{rel}","templated":true}]}}