{"id":73807,"date":"2018-05-18T13:33:55","date_gmt":"2018-05-18T13:33:55","guid":{"rendered":"http:\/\/www.tecnoservice.ch\/web\/mesure-commandes-et-regulation-2\/"},"modified":"2019-04-19T12:44:54","modified_gmt":"2019-04-19T11:44:54","slug":"electricite","status":"publish","type":"page","link":"https:\/\/www.tecnoservice.ch\/web\/electricite\/","title":{"rendered":"\u00c9lectricit\u00e9"},"content":{"rendered":"<div class=\"wpb-content-wrapper\"><p>[vc_row row_height_percent=\u00a0\u00bb0&Prime; override_padding=\u00a0\u00bbyes\u00a0\u00bb h_padding=\u00a0\u00bb2&Prime; top_padding=\u00a0\u00bb0&Prime; bottom_padding=\u00a0\u00bb0&Prime; overlay_alpha=\u00a0\u00bb50&Prime; gutter_size=\u00a0\u00bb3&Prime; column_width_percent=\u00a0\u00bb100&Prime; shift_y=\u00a0\u00bb0&Prime; z_index=\u00a0\u00bb0&Prime;][vc_column column_width_percent=\u00a0\u00bb100&Prime; override_padding=\u00a0\u00bbyes\u00a0\u00bb column_padding=\u00a0\u00bb3&Prime; back_color=\u00a0\u00bbcolor-xsdn\u00a0\u00bb overlay_alpha=\u00a0\u00bb50&Prime; gutter_size=\u00a0\u00bb3&Prime; medium_width=\u00a0\u00bb0&Prime; mobile_width=\u00a0\u00bb0&Prime; shift_x=\u00a0\u00bb0&Prime; shift_y=\u00a0\u00bb-4&Prime; shift_y_fixed=\u00a0\u00bbyes\u00a0\u00bb shift_y_down=\u00a0\u00bb0&Prime; z_index=\u00a0\u00bb0&Prime; width=\u00a0\u00bb1\/1&Prime;][vc_row_inner row_inner_height_percent=\u00a0\u00bb0&Prime; overlay_alpha=\u00a0\u00bb50&Prime; equal_height=\u00a0\u00bbyes\u00a0\u00bb gutter_size=\u00a0\u00bb0&Prime; shift_y=\u00a0\u00bb0&Prime;][vc_column_inner column_width_percent=\u00a0\u00bb100&Prime; position_vertical=\u00a0\u00bbmiddle\u00a0\u00bb align_horizontal=\u00a0\u00bbalign_right\u00a0\u00bb override_padding=\u00a0\u00bbyes\u00a0\u00bb column_padding=\u00a0\u00bb2&Prime; gutter_size=\u00a0\u00bb3&Prime; overlay_alpha=\u00a0\u00bb50&Prime; border_color=\u00a0\u00bbcolor-gyho\u00a0\u00bb border_style=\u00a0\u00bbsolid\u00a0\u00bb medium_width=\u00a0\u00bb2&Prime; align_mobile=\u00a0\u00bbalign_center_mobile\u00a0\u00bb mobile_width=\u00a0\u00bb0&Prime; shift_x=\u00a0\u00bb0&Prime; shift_y=\u00a0\u00bb0&Prime; shift_y_down=\u00a0\u00bb0&Prime; z_index=\u00a0\u00bb0&Prime; width=\u00a0\u00bb3\/12&Prime; css=\u00a0\u00bb.vc_custom_1495102345881{border-right-width: 1px !important;}\u00a0\u00bb][vc_icon icon=\u00a0\u00bbfa fa-bolt\u00a0\u00bb icon_color=\u00a0\u00bbaccent\u00a0\u00bb size=\u00a0\u00bbfa-5x\u00a0\u00bb][\/vc_icon][\/vc_column_inner][vc_column_inner column_width_percent=\u00a0\u00bb100&Prime; position_vertical=\u00a0\u00bbmiddle\u00a0\u00bb override_padding=\u00a0\u00bbyes\u00a0\u00bb column_padding=\u00a0\u00bb2&Prime; gutter_size=\u00a0\u00bb3&Prime; overlay_alpha=\u00a0\u00bb50&Prime; medium_width=\u00a0\u00bb6&Prime; align_mobile=\u00a0\u00bbalign_center_mobile\u00a0\u00bb mobile_width=\u00a0\u00bb0&Prime; shift_x=\u00a0\u00bb0&Prime; shift_y=\u00a0\u00bb0&Prime; shift_y_down=\u00a0\u00bb0&Prime; z_index=\u00a0\u00bb0&Prime; width=\u00a0\u00bb9\/12&Prime;][vc_custom_heading text_size=\u00a0\u00bbfontsize-155944&Prime; text_font=\u00a0\u00bbfont-377884&Prime; text_weight=\u00a0\u00bb400&Prime;]\u00c9lectricit\u00e9[\/vc_custom_heading][\/vc_column_inner][\/vc_row_inner][vc_separator][\/vc_column][\/vc_row][vc_row row_height_percent=\u00a0\u00bb0&Prime; override_padding=\u00a0\u00bbyes\u00a0\u00bb h_padding=\u00a0\u00bb2&Prime; top_padding=\u00a0\u00bb0&Prime; bottom_padding=\u00a0\u00bb0&Prime; overlay_alpha=\u00a0\u00bb50&Prime; gutter_size=\u00a0\u00bb3&Prime; column_width_percent=\u00a0\u00bb100&Prime; shift_y=\u00a0\u00bb0&Prime; z_index=\u00a0\u00bb0&Prime;][vc_column column_width_percent=\u00a0\u00bb100&Prime; override_padding=\u00a0\u00bbyes\u00a0\u00bb column_padding=\u00a0\u00bb3&Prime; back_color=\u00a0\u00bbcolor-xsdn\u00a0\u00bb overlay_alpha=\u00a0\u00bb50&Prime; gutter_size=\u00a0\u00bb3&Prime; medium_width=\u00a0\u00bb0&Prime; mobile_width=\u00a0\u00bb0&Prime; shift_x=\u00a0\u00bb0&Prime; shift_y=\u00a0\u00bb-4&Prime; shift_y_fixed=\u00a0\u00bbyes\u00a0\u00bb shift_y_down=\u00a0\u00bb0&Prime; z_index=\u00a0\u00bb0&Prime; width=\u00a0\u00bb1\/1&Prime;][vc_column_text]<\/p>\n<blockquote><p><span style=\"color: #000000;\">Notre d\u00e9partement \u00e9lectrique s\u2019occupe d\u2019\u00e9tudier et de concevoir l\u2019ensemble des installations \u00e9lectriques \u00e0 courant fort et faible du b\u00e2timent.<\/span><\/p>\n<p><span style=\"color: #000000;\">Nos services s\u2019orientent sur tout type d\u2019installations du b\u00e2timent comme\u00a0:<\/span><\/p>\n<ul>\n<li><span style=\"color: #000000;\">L\u2019\u00e9clairagisme (int\u00e9rieur et ext\u00e9rieur)<\/span><\/li>\n<li><span style=\"color: #000000;\">Les t\u00e9l\u00e9communications<\/span><\/li>\n<li><span style=\"color: #000000;\">L\u2019audiovisuel<\/span><\/li>\n<li><span style=\"color: #000000;\">L\u2019automatisme<\/span><\/li>\n<li><span style=\"color: #000000;\">La domotique<\/span><\/li>\n<li><span style=\"color: #000000;\">La s\u00e9curit\u00e9<\/span><\/li>\n<li><span style=\"color: #000000;\">Les syst\u00e8mes photovolta\u00efques<\/span><\/li>\n<li><span style=\"color: #000000;\">Les groupes de secours.<\/span><\/li>\n<\/ul>\n<p><span style=\"color: #000000;\">Tecnoservice prend en compte l\u2019importance de l\u2019efficacit\u00e9 \u00e9nerg\u00e9tique, afin de r\u00e9duire les consommations d\u2019\u00e9lectricit\u00e9, et adapte ses choix d&rsquo;appareils, d&rsquo;installations et de modes de fonctionnement en cons\u00e9quence.<\/span><\/p>\n<p><span style=\"color: #000000;\">Le light motiv \u00ab\u00a0consommer sa production\u00a0\u00bb devient de plus en plus commun. De ce fait, l\u2019implantation de syst\u00e8mes de production d&rsquo;\u00e9lectricit\u00e9 par voies renouvelables, tels que des panneaux photovolta\u00efques, devient incontournable.\u00a0<\/span><span style=\"color: #000000;\">Nous offrons pour cela nos services dans l\u2019\u00e9tude et le dimensionnement d\u2019installations photovolta\u00efques gr\u00e2ce \u00e0 des calculs ou, de mani\u00e8re plus pr\u00e9cise, \u00e0 l\u2019aide de logiciels informatiques tels que \u00ab\u00a0PVsyst\u00a0\u00bb. Ces logiciels nous permettent de d\u00e9finir les types de cellules solaires et le choix d\u2019onduleurs appropri\u00e9s \u00e0 la puissance souhait\u00e9e. En confrontant notre exp\u00e9rience et la ma\u00eetrise de ces outils d&rsquo;aide \u00e0 la d\u00e9cision, nous vous proposons des solutions optimis\u00e9es \u00e0 chaque profil de consommation\/d&rsquo;utilisation.<\/span><\/p>\n<p><span style=\"color: #000000;\">Nous sommes \u00e0 m\u00eame de vous conseiller sur le choix des syst\u00e8mes d\u2019\u00e9clairage en mettant l\u2019accent sur les technologies comme le DALI. Dans ce domaine \u00e9galement, nous avons la possibilit\u00e9 de mod\u00e9liser et de simuler l\u2019\u00e9clairage d\u2019une pi\u00e8ce ou d\u2019un environnement avec le logiciel \u00ab\u00a0RELUX\u00a0\u00bb.<\/span><\/p>\n<p><span style=\"color: #000000;\">Pendant l&rsquo;exploitation d&rsquo;une installation, nous sommes \u00e9galement qualifi\u00e9s pour la r\u00e9alisation d&rsquo;expertises techniques, comprenant : relev\u00e9 sur place, r\u00e9daction de rapports et chiffrage d&rsquo;\u00e9ventuelles variantes d&rsquo;assainissement \u00e0 pr\u00e9voir.<\/span><\/p>\n<p><span style=\"color: #000000;\">Dans le cadre de toute \u00e9tude, nous sommes en mesure de r\u00e9aliser chacune des prestations suivantes pour les installations d&rsquo;\u00e9lectricit\u00e9 \u00e9tudi\u00e9es :<\/span><\/p>\n<ul>\n<li><span style=\"color: #000000;\">les plans et sch\u00e9mas de courant fort et faible pour chaque phase d&rsquo;avancement d&rsquo;un projet<\/span><\/li>\n<li><span style=\"color: #000000;\">les chiffrages d&rsquo;installation (sous forme de devis)<\/span><\/li>\n<li><span style=\"color: #000000;\">les r\u00e9dactions de soumissions<\/span><\/li>\n<li><span style=\"color: #000000;\">la mise \u00e0 disposition des documents d&rsquo;autorisation compl\u00e9t\u00e9s et conformes (y compris dans le cas de labellisations Minergie ou autres)<\/span><\/li>\n<li><span style=\"color: #000000;\">le suivi de chantier et des mises en service jusqu&rsquo;\u00e0 ach\u00e8vement des travaux et r\u00e9ception.<\/span><\/li>\n<\/ul>\n<p><span style=\"color: #000000;\">Nous assurons donc l&rsquo;ensemble des prestations d&rsquo;ing\u00e9nieur du r\u00e8glement SIA 108 pour les installations \u00e9lectriques. Cette ma\u00eetrise porte aussi bien sur des b\u00e2timents nouveaux, transform\u00e9s ou r\u00e9nov\u00e9s, que sur des proc\u00e9d\u00e9s industriels. Notre travail est conduit dans un esprit de collaboration constructive avec le ma\u00eetre d&rsquo;ouvrage,\u00a0l&rsquo;architecte, la direction des travaux, l&rsquo;ing\u00e9nieur civil, les autorit\u00e9s locales et les autres intervenants du projet.<\/span><\/p><\/blockquote>\n<p>[\/vc_column_text][\/vc_column][\/vc_row][vc_row row_height_percent=\u00a0\u00bb0&Prime; override_padding=\u00a0\u00bbyes\u00a0\u00bb h_padding=\u00a0\u00bb2&Prime; top_padding=\u00a0\u00bb4&Prime; bottom_padding=\u00a0\u00bb0&Prime; overlay_alpha=\u00a0\u00bb50&Prime; equal_height=\u00a0\u00bbyes\u00a0\u00bb gutter_size=\u00a0\u00bb0&Prime; column_width_percent=\u00a0\u00bb100&Prime; shift_y=\u00a0\u00bb0&Prime; z_index=\u00a0\u00bb0&Prime;][vc_column column_width_percent=\u00a0\u00bb100&Prime; align_horizontal=\u00a0\u00bbalign_center\u00a0\u00bb override_padding=\u00a0\u00bbyes\u00a0\u00bb column_padding=\u00a0\u00bb3&Prime; font_family=\u00a0\u00bbfont-202503&Prime; overlay_alpha=\u00a0\u00bb50&Prime; gutter_size=\u00a0\u00bb3&Prime; border_color=\u00a0\u00bbcolor-gyho\u00a0\u00bb border_style=\u00a0\u00bbsolid\u00a0\u00bb medium_width=\u00a0\u00bb3&Prime; mobile_width=\u00a0\u00bb0&Prime; shift_x=\u00a0\u00bb0&Prime; shift_y=\u00a0\u00bb0&Prime; shift_y_down=\u00a0\u00bb0&Prime; z_index=\u00a0\u00bb0&Prime; width=\u00a0\u00bb1\/3&Prime; css=\u00a0\u00bb.vc_custom_1495111159707{border-right-width: 1px !important;}\u00a0\u00bb][vc_icon icon=\u00a0\u00bbfa fa-location-2&Prime; icon_color=\u00a0\u00bbcolor-wvjs\u00a0\u00bb size=\u00a0\u00bbfa-3x\u00a0\u00bb text_size=\u00a0\u00bbh2&Prime; text_font=\u00a0\u00bbfont-377884&Prime; text_weight=\u00a0\u00bb400&Prime; text_lead=\u00a0\u00bbyes\u00a0\u00bb title=\u00a0\u00bbConcept\u00a0\u00bb][\/vc_icon][\/vc_column][vc_column column_width_percent=\u00a0\u00bb100&Prime; align_horizontal=\u00a0\u00bbalign_center\u00a0\u00bb override_padding=\u00a0\u00bbyes\u00a0\u00bb column_padding=\u00a0\u00bb3&Prime; font_family=\u00a0\u00bbfont-202503&Prime; overlay_alpha=\u00a0\u00bb50&Prime; gutter_size=\u00a0\u00bb3&Prime; border_color=\u00a0\u00bbcolor-gyho\u00a0\u00bb border_style=\u00a0\u00bbsolid\u00a0\u00bb medium_width=\u00a0\u00bb3&Prime; mobile_width=\u00a0\u00bb0&Prime; shift_x=\u00a0\u00bb0&Prime; shift_y=\u00a0\u00bb0&Prime; shift_y_down=\u00a0\u00bb0&Prime; z_index=\u00a0\u00bb0&Prime; width=\u00a0\u00bb1\/3&Prime; css=\u00a0\u00bb.vc_custom_1495111165050{border-right-width: 1px !important;}\u00a0\u00bb][vc_icon icon=\u00a0\u00bbfa fa-repeat2&Prime; icon_color=\u00a0\u00bbcolor-wvjs\u00a0\u00bb size=\u00a0\u00bbfa-3x\u00a0\u00bb text_size=\u00a0\u00bbh2&Prime; text_font=\u00a0\u00bbfont-377884&Prime; text_weight=\u00a0\u00bb400&Prime; text_lead=\u00a0\u00bbyes\u00a0\u00bb title=\u00a0\u00bbEtude\u00a0\u00bb][\/vc_icon][\/vc_column][vc_column column_width_percent=\u00a0\u00bb100&Prime; align_horizontal=\u00a0\u00bbalign_center\u00a0\u00bb override_padding=\u00a0\u00bbyes\u00a0\u00bb column_padding=\u00a0\u00bb3&Prime; font_family=\u00a0\u00bbfont-202503&Prime; overlay_alpha=\u00a0\u00bb50&Prime; gutter_size=\u00a0\u00bb3&Prime; medium_width=\u00a0\u00bb3&Prime; mobile_width=\u00a0\u00bb0&Prime; shift_x=\u00a0\u00bb0&Prime; shift_y=\u00a0\u00bb0&Prime; shift_y_down=\u00a0\u00bb0&Prime; z_index=\u00a0\u00bb0&Prime; width=\u00a0\u00bb1\/3&Prime;][vc_icon icon=\u00a0\u00bbfa fa-monitor\u00a0\u00bb icon_color=\u00a0\u00bbcolor-wvjs\u00a0\u00bb size=\u00a0\u00bbfa-3x\u00a0\u00bb text_size=\u00a0\u00bbh2&Prime; text_font=\u00a0\u00bbfont-377884&Prime; text_weight=\u00a0\u00bb400&Prime; text_lead=\u00a0\u00bbyes\u00a0\u00bb title=\u00a0\u00bbD\u00e9veloppement\u00a0\u00bb][\/vc_icon][\/vc_column][\/vc_row][vc_row row_height_percent=\u00a0\u00bb0&Prime; override_padding=\u00a0\u00bbyes\u00a0\u00bb h_padding=\u00a0\u00bb0&Prime; top_padding=\u00a0\u00bb0&Prime; bottom_padding=\u00a0\u00bb0&Prime; overlay_alpha=\u00a0\u00bb50&Prime; gutter_size=\u00a0\u00bb3&Prime; column_width_percent=\u00a0\u00bb100&Prime; medium_visibility=\u00a0\u00bbyes\u00a0\u00bb mobile_visibility=\u00a0\u00bbyes\u00a0\u00bb shift_y=\u00a0\u00bb0&Prime; z_index=\u00a0\u00bb0&Prime;][vc_column width=\u00a0\u00bb1\/1&Prime;][vc_separator][\/vc_column][\/vc_row][vc_row row_height_percent=\u00a0\u00bb0&Prime; override_padding=\u00a0\u00bbyes\u00a0\u00bb h_padding=\u00a0\u00bb2&Prime; top_padding=\u00a0\u00bb0&Prime; bottom_padding=\u00a0\u00bb4&Prime; overlay_alpha=\u00a0\u00bb50&Prime; equal_height=\u00a0\u00bbyes\u00a0\u00bb gutter_size=\u00a0\u00bb0&Prime; column_width_percent=\u00a0\u00bb100&Prime; shift_y=\u00a0\u00bb0&Prime; z_index=\u00a0\u00bb0&Prime;][vc_column column_width_percent=\u00a0\u00bb100&Prime; align_horizontal=\u00a0\u00bbalign_center\u00a0\u00bb override_padding=\u00a0\u00bbyes\u00a0\u00bb column_padding=\u00a0\u00bb3&Prime; font_family=\u00a0\u00bbfont-202503&Prime; overlay_alpha=\u00a0\u00bb50&Prime; gutter_size=\u00a0\u00bb3&Prime; border_color=\u00a0\u00bbcolor-gyho\u00a0\u00bb border_style=\u00a0\u00bbsolid\u00a0\u00bb medium_width=\u00a0\u00bb3&Prime; mobile_width=\u00a0\u00bb0&Prime; shift_x=\u00a0\u00bb0&Prime; shift_y=\u00a0\u00bb0&Prime; shift_y_down=\u00a0\u00bb0&Prime; z_index=\u00a0\u00bb0&Prime; width=\u00a0\u00bb1\/3&Prime; css=\u00a0\u00bb.vc_custom_1495111176624{border-right-width: 1px !important;}\u00a0\u00bb][vc_icon icon=\u00a0\u00bbfa fa-box\u00a0\u00bb icon_color=\u00a0\u00bbcolor-wvjs\u00a0\u00bb size=\u00a0\u00bbfa-3x\u00a0\u00bb text_size=\u00a0\u00bbh2&Prime; text_font=\u00a0\u00bbfont-377884&Prime; text_weight=\u00a0\u00bb400&Prime; text_lead=\u00a0\u00bbyes\u00a0\u00bb title=\u00a0\u00bbMise en oeuvre\u00a0\u00bb][\/vc_icon][\/vc_column][vc_column column_width_percent=\u00a0\u00bb100&Prime; align_horizontal=\u00a0\u00bbalign_center\u00a0\u00bb override_padding=\u00a0\u00bbyes\u00a0\u00bb column_padding=\u00a0\u00bb3&Prime; font_family=\u00a0\u00bbfont-202503&Prime; overlay_alpha=\u00a0\u00bb50&Prime; gutter_size=\u00a0\u00bb3&Prime; border_color=\u00a0\u00bbcolor-gyho\u00a0\u00bb border_style=\u00a0\u00bbsolid\u00a0\u00bb medium_width=\u00a0\u00bb3&Prime; mobile_width=\u00a0\u00bb0&Prime; shift_x=\u00a0\u00bb0&Prime; shift_y=\u00a0\u00bb0&Prime; shift_y_down=\u00a0\u00bb0&Prime; z_index=\u00a0\u00bb0&Prime; width=\u00a0\u00bb1\/3&Prime; css=\u00a0\u00bb.vc_custom_1495111181688{border-right-width: 1px !important;}\u00a0\u00bb][vc_icon icon=\u00a0\u00bbfa fa-eye2&Prime; icon_color=\u00a0\u00bbcolor-wvjs\u00a0\u00bb size=\u00a0\u00bbfa-3x\u00a0\u00bb text_size=\u00a0\u00bbh2&Prime; text_font=\u00a0\u00bbfont-377884&Prime; text_weight=\u00a0\u00bb400&Prime; text_lead=\u00a0\u00bbyes\u00a0\u00bb title=\u00a0\u00bbSuivi\u00a0\u00bb][\/vc_icon][\/vc_column][vc_column column_width_percent=\u00a0\u00bb100&Prime; align_horizontal=\u00a0\u00bbalign_center\u00a0\u00bb override_padding=\u00a0\u00bbyes\u00a0\u00bb column_padding=\u00a0\u00bb3&Prime; font_family=\u00a0\u00bbfont-202503&Prime; overlay_alpha=\u00a0\u00bb50&Prime; gutter_size=\u00a0\u00bb3&Prime; medium_width=\u00a0\u00bb3&Prime; mobile_width=\u00a0\u00bb0&Prime; shift_x=\u00a0\u00bb0&Prime; shift_y=\u00a0\u00bb0&Prime; shift_y_down=\u00a0\u00bb0&Prime; z_index=\u00a0\u00bb0&Prime; width=\u00a0\u00bb1\/3&Prime;][vc_icon icon=\u00a0\u00bbfa fa-check2&Prime; icon_color=\u00a0\u00bbcolor-wvjs\u00a0\u00bb size=\u00a0\u00bbfa-3x\u00a0\u00bb text_size=\u00a0\u00bbh2&Prime; text_font=\u00a0\u00bbfont-377884&Prime; text_weight=\u00a0\u00bb400&Prime; text_lead=\u00a0\u00bbyes\u00a0\u00bb title=\u00a0\u00bbContr\u00f4le qualit\u00e9\u00a0\u00bb][\/vc_icon][\/vc_column][\/vc_row][vc_row row_height_percent=\u00a0\u00bb0&Prime; override_padding=\u00a0\u00bbyes\u00a0\u00bb h_padding=\u00a0\u00bb2&Prime; top_padding=\u00a0\u00bb0&Prime; bottom_padding=\u00a0\u00bb4&Prime; overlay_alpha=\u00a0\u00bb50&Prime; gutter_size=\u00a0\u00bb3&Prime; column_width_percent=\u00a0\u00bb100&Prime; shift_y=\u00a0\u00bb0&Prime; z_index=\u00a0\u00bb0&Prime;][vc_column column_width_use_pixel=\u00a0\u00bbyes\u00a0\u00bb font_family=\u00a0\u00bbfont-202503&Prime; overlay_alpha=\u00a0\u00bb50&Prime; gutter_size=\u00a0\u00bb3&Prime; medium_width=\u00a0\u00bb0&Prime; align_mobile=\u00a0\u00bbalign_center_mobile\u00a0\u00bb mobile_width=\u00a0\u00bb0&Prime; shift_x=\u00a0\u00bb0&Prime; shift_y=\u00a0\u00bb0&Prime; shift_y_down=\u00a0\u00bb0&Prime; z_index=\u00a0\u00bb0&Prime; width=\u00a0\u00bb1\/1&Prime; column_width_pixel=\u00a0\u00bb800&Prime;][vc_row_inner][vc_column_inner column_width_percent=\u00a0\u00bb100&Prime; align_horizontal=\u00a0\u00bbalign_center\u00a0\u00bb gutter_size=\u00a0\u00bb2&Prime; overlay_alpha=\u00a0\u00bb50&Prime; medium_width=\u00a0\u00bb0&Prime; mobile_width=\u00a0\u00bb0&Prime; shift_x=\u00a0\u00bb0&Prime; shift_y=\u00a0\u00bb0&Prime; shift_y_down=\u00a0\u00bb0&Prime; z_index=\u00a0\u00bb0&Prime; width=\u00a0\u00bb1\/1&Prime;][vc_custom_heading heading_semantic=\u00a0\u00bbh6&Prime; text_size=\u00a0\u00bbfontsize-155944&Prime; text_space=\u00a0\u00bbfontspace-111509&Prime; text_font=\u00a0\u00bbfont-202503&Prime; text_weight=\u00a0\u00bb300&Prime; text_color=\u00a0\u00bbcolor-wvjs\u00a0\u00bb]\u3030[\/vc_custom_heading][vc_custom_heading heading_semantic=\u00a0\u00bbh1&Prime; text_size=\u00a0\u00bbh1&Prime; text_weight=\u00a0\u00bb300&Prime;]Exemples de r\u00e9alisations[\/vc_custom_heading][\/vc_column_inner][\/vc_row_inner][\/vc_column][\/vc_row][vc_row row_height_percent=\u00a0\u00bb0&Prime; override_padding=\u00a0\u00bbyes\u00a0\u00bb h_padding=\u00a0\u00bb3&Prime; top_padding=\u00a0\u00bb0&Prime; bottom_padding=\u00a0\u00bb4&Prime; overlay_alpha=\u00a0\u00bb100&Prime; gutter_size=\u00a0\u00bb3&Prime; column_width_percent=\u00a0\u00bb100&Prime; border_color=\u00a0\u00bbcolor-gyho\u00a0\u00bb border_style=\u00a0\u00bbsolid\u00a0\u00bb shift_y=\u00a0\u00bb0&Prime; z_index=\u00a0\u00bb0&Prime;][vc_column column_width_percent=\u00a0\u00bb100&Prime; align_horizontal=\u00a0\u00bbalign_center\u00a0\u00bb overlay_alpha=\u00a0\u00bb100&Prime; gutter_size=\u00a0\u00bb3&Prime; medium_width=\u00a0\u00bb0&Prime; mobile_width=\u00a0\u00bb0&Prime; shift_x=\u00a0\u00bb0&Prime; shift_y=\u00a0\u00bb0&Prime; shift_y_down=\u00a0\u00bb0&Prime; z_index=\u00a0\u00bb0&Prime; zoom_width=\u00a0\u00bb0&Prime; zoom_height=\u00a0\u00bb0&Prime; width=\u00a0\u00bb1\/1&Prime;][uncode_index el_id=\u00a0\u00bbindex-781286&Prime; isotope_mode=\u00a0\u00bbpackery\u00a0\u00bb loop=\u00a0\u00bbsize:6|order_by:rand|order:ASC|post_type:portfolio|tax_query:32&Prime; style_preset=\u00a0\u00bbmetro\u00a0\u00bb gutter_size=\u00a0\u00bb2&Prime; post_items=\u00a0\u00bbmedia,title,category,date,text,link,author,sep-one,extra\u00a0\u00bb portfolio_items=\u00a0\u00bbmedia|featured|onpost|original,title,category\u00a0\u00bb screen_lg=\u00a0\u00bb1000&Prime; screen_md=\u00a0\u00bb600&Prime; screen_sm=\u00a0\u00bb480&Prime; single_text=\u00a0\u00bboverlay\u00a0\u00bb single_overlay_color=\u00a0\u00bbaccent\u00a0\u00bb single_overlay_opacity=\u00a0\u00bb95&Prime; single_image_color_anim=\u00a0\u00bbyes\u00a0\u00bb single_image_anim=\u00a0\u00bbno\u00a0\u00bb single_h_align=\u00a0\u00bbcenter\u00a0\u00bb single_padding=\u00a0\u00bb3&Prime; single_text_reduced=\u00a0\u00bbyes\u00a0\u00bb single_title_transform=\u00a0\u00bbcapitalize\u00a0\u00bb single_title_dimension=\u00a0\u00bbh5&Prime; single_title_family=\u00a0\u00bbfont-762333&Prime; single_title_height=\u00a0\u00bbfontheight-357766&Prime; single_title_space=\u00a0\u00bbfontspace-781688&Prime; single_border=\u00a0\u00bbyes\u00a0\u00bb single_css_animation=\u00a0\u00bbzoom-in\u00a0\u00bb single_animation_delay=\u00a0\u00bb200&Prime; custom_order=\u00a0\u00bbyes\u00a0\u00bb items=\u00a0\u00bbeyI0MTU0X2kiOnsic2luZ2xlX3dpZHRoIjoiNCIsInNpbmdsZV9oZWlnaHQiOiI2In0sIjQwODFfaSI6eyJzaW5nbGVfaGVpZ2h0IjoiNiIsImJhY2tfaW1hZ2UiOiIyMzQ5MSIsInNpbmdsZV9sYXlvdXQiOiJtZWRpYXxmZWF0dXJlZHxvbnBvc3R8b3JpZ2luYWwsdGl0bGUsY2F0ZWdvcnkiLCJzaW5nbGVfaWNvbiI6ImZhIGZhLXBsdXMyIn0sIjQwNjlfaSI6eyJzaW5nbGVfaGVpZ2h0IjoiNiJ9LCI0MDg1X2kiOnsic2luZ2xlX2hlaWdodCI6IjYifSwiNDE0MF9pIjp7InNpbmdsZV9oZWlnaHQiOiI2In0sIjQwNzFfaSI6eyJzaW5nbGVfaWNvbiI6ImZhIGZhLXBsdXMyIiwic2luZ2xlX2hlaWdodCI6IjYifX0=\u00a0\u00bb single_icon=\u00a0\u00bbfa fa-plus2&Prime; order_ids=\u00a0\u00bb4154,4151,4146,4142,4140,4089,4087,4085,4071,4078&Prime;][\/vc_column][\/vc_row]<\/p>\n<\/div>","protected":false},"excerpt":{"rendered":"<p>[vc_row row_height_percent=\u00a0\u00bb0&Prime; override_padding=\u00a0\u00bbyes\u00a0\u00bb h_padding=\u00a0\u00bb2&Prime; top_padding=\u00a0\u00bb0&Prime; bottom_padding=\u00a0\u00bb0&Prime; overlay_alpha=\u00a0\u00bb50&Prime; gutter_size=\u00a0\u00bb3&Prime; column_width_percent=\u00a0\u00bb100&Prime; shift_y=\u00a0\u00bb0&Prime; z_index=\u00a0\u00bb0&Prime;][vc_column column_width_percent=\u00a0\u00bb100&Prime; override_padding=\u00a0\u00bbyes\u00a0\u00bb column_padding=\u00a0\u00bb3&Prime; back_color=\u00a0\u00bbcolor-xsdn\u00a0\u00bb overlay_alpha=\u00a0\u00bb50&Prime; gutter_size=\u00a0\u00bb3&Prime; medium_width=\u00a0\u00bb0&Prime; mobile_width=\u00a0\u00bb0&Prime; shift_x=\u00a0\u00bb0&Prime; [&hellip;]<\/p>\n","protected":false},"author":1,"featured_media":0,"parent":0,"menu_order":10,"comment_status":"open","ping_status":"closed","template":"","meta":{"footnotes":""},"_links":{"self":[{"href":"https:\/\/www.tecnoservice.ch\/web\/wp-json\/wp\/v2\/pages\/73807"}],"collection":[{"href":"https:\/\/www.tecnoservice.ch\/web\/wp-json\/wp\/v2\/pages"}],"about":[{"href":"https:\/\/www.tecnoservice.ch\/web\/wp-json\/wp\/v2\/types\/page"}],"author":[{"embeddable":true,"href":"https:\/\/www.tecnoservice.ch\/web\/wp-json\/wp\/v2\/users\/1"}],"replies":[{"embeddable":true,"href":"https:\/\/www.tecnoservice.ch\/web\/wp-json\/wp\/v2\/comments?post=73807"}],"version-history":[{"count":23,"href":"https:\/\/www.tecnoservice.ch\/web\/wp-json\/wp\/v2\/pages\/73807\/revisions"}],"predecessor-version":[{"id":77261,"href":"https:\/\/www.tecnoservice.ch\/web\/wp-json\/wp\/v2\/pages\/73807\/revisions\/77261"}],"wp:attachment":[{"href":"https:\/\/www.tecnoservice.ch\/web\/wp-json\/wp\/v2\/media?parent=73807"}],"curies":[{"name":"wp","href":"https:\/\/api.w.org\/{rel}","templated":true}]}}