{"id":73939,"date":"2018-05-29T12:01:03","date_gmt":"2018-05-29T12:01:03","guid":{"rendered":"http:\/\/www.tecnoservice.ch\/web\/electricite-2\/"},"modified":"2021-11-13T11:10:41","modified_gmt":"2021-11-13T10:10:41","slug":"climatisation","status":"publish","type":"page","link":"https:\/\/www.tecnoservice.ch\/web\/climatisation\/","title":{"rendered":"Climatisation"},"content":{"rendered":"<div class=\"wpb-content-wrapper\"><p>[vc_row row_height_percent=\u00a0\u00bb0&Prime; override_padding=\u00a0\u00bbyes\u00a0\u00bb h_padding=\u00a0\u00bb2&Prime; top_padding=\u00a0\u00bb0&Prime; bottom_padding=\u00a0\u00bb0&Prime; overlay_alpha=\u00a0\u00bb50&Prime; gutter_size=\u00a0\u00bb3&Prime; column_width_percent=\u00a0\u00bb100&Prime; shift_y=\u00a0\u00bb0&Prime; z_index=\u00a0\u00bb0&Prime;][vc_column column_width_percent=\u00a0\u00bb100&Prime; override_padding=\u00a0\u00bbyes\u00a0\u00bb column_padding=\u00a0\u00bb3&Prime; back_color=\u00a0\u00bbcolor-xsdn\u00a0\u00bb overlay_alpha=\u00a0\u00bb50&Prime; gutter_size=\u00a0\u00bb3&Prime; medium_width=\u00a0\u00bb0&Prime; mobile_width=\u00a0\u00bb0&Prime; shift_x=\u00a0\u00bb0&Prime; shift_y=\u00a0\u00bb-4&Prime; shift_y_fixed=\u00a0\u00bbyes\u00a0\u00bb shift_y_down=\u00a0\u00bb0&Prime; z_index=\u00a0\u00bb0&Prime; width=\u00a0\u00bb1\/1&Prime;][vc_row_inner row_inner_height_percent=\u00a0\u00bb0&Prime; overlay_alpha=\u00a0\u00bb50&Prime; equal_height=\u00a0\u00bbyes\u00a0\u00bb gutter_size=\u00a0\u00bb0&Prime; shift_y=\u00a0\u00bb0&Prime;][vc_column_inner column_width_percent=\u00a0\u00bb100&Prime; position_vertical=\u00a0\u00bbmiddle\u00a0\u00bb align_horizontal=\u00a0\u00bbalign_right\u00a0\u00bb override_padding=\u00a0\u00bbyes\u00a0\u00bb column_padding=\u00a0\u00bb2&Prime; gutter_size=\u00a0\u00bb3&Prime; overlay_alpha=\u00a0\u00bb50&Prime; border_color=\u00a0\u00bbcolor-gyho\u00a0\u00bb border_style=\u00a0\u00bbsolid\u00a0\u00bb medium_width=\u00a0\u00bb2&Prime; align_mobile=\u00a0\u00bbalign_center_mobile\u00a0\u00bb mobile_width=\u00a0\u00bb0&Prime; shift_x=\u00a0\u00bb0&Prime; shift_y=\u00a0\u00bb0&Prime; shift_y_down=\u00a0\u00bb0&Prime; z_index=\u00a0\u00bb0&Prime; width=\u00a0\u00bb3\/12&Prime; css=\u00a0\u00bb.vc_custom_1495102345881{border-right-width: 1px !important;}\u00a0\u00bb][vc_icon icon=\u00a0\u00bbfa fa-snowflake-o\u00a0\u00bb icon_color=\u00a0\u00bbaccent\u00a0\u00bb size=\u00a0\u00bbfa-5x\u00a0\u00bb][\/vc_icon][\/vc_column_inner][vc_column_inner column_width_percent=\u00a0\u00bb100&Prime; position_vertical=\u00a0\u00bbmiddle\u00a0\u00bb override_padding=\u00a0\u00bbyes\u00a0\u00bb column_padding=\u00a0\u00bb2&Prime; gutter_size=\u00a0\u00bb3&Prime; overlay_alpha=\u00a0\u00bb50&Prime; medium_width=\u00a0\u00bb6&Prime; align_mobile=\u00a0\u00bbalign_center_mobile\u00a0\u00bb mobile_width=\u00a0\u00bb0&Prime; shift_x=\u00a0\u00bb0&Prime; shift_y=\u00a0\u00bb0&Prime; shift_y_down=\u00a0\u00bb0&Prime; z_index=\u00a0\u00bb0&Prime; width=\u00a0\u00bb9\/12&Prime;][vc_custom_heading text_size=\u00a0\u00bbfontsize-155944&Prime; text_font=\u00a0\u00bbfont-377884&Prime; text_weight=\u00a0\u00bb400&Prime;]Climatisation[\/vc_custom_heading][\/vc_column_inner][\/vc_row_inner][vc_separator sep_color=\u00a0\u00bbcolor-xsdn\u00a0\u00bb][\/vc_column][\/vc_row][vc_row row_height_percent=\u00a0\u00bb0&Prime; override_padding=\u00a0\u00bbyes\u00a0\u00bb h_padding=\u00a0\u00bb2&Prime; top_padding=\u00a0\u00bb0&Prime; bottom_padding=\u00a0\u00bb0&Prime; overlay_alpha=\u00a0\u00bb50&Prime; gutter_size=\u00a0\u00bb3&Prime; column_width_percent=\u00a0\u00bb100&Prime; shift_y=\u00a0\u00bb0&Prime; z_index=\u00a0\u00bb0&Prime;][vc_column column_width_percent=\u00a0\u00bb100&Prime; override_padding=\u00a0\u00bbyes\u00a0\u00bb column_padding=\u00a0\u00bb3&Prime; overlay_alpha=\u00a0\u00bb50&Prime; gutter_size=\u00a0\u00bb3&Prime; medium_width=\u00a0\u00bb0&Prime; mobile_width=\u00a0\u00bb0&Prime; shift_x=\u00a0\u00bb0&Prime; shift_y=\u00a0\u00bb-4&Prime; shift_y_fixed=\u00a0\u00bbyes\u00a0\u00bb shift_y_down=\u00a0\u00bb0&Prime; z_index=\u00a0\u00bb0&Prime; width=\u00a0\u00bb1\/1&Prime;][vc_column_text]<\/p>\n<blockquote><p><span style=\"color: #000000;\">Tecnoservice a largement fait ses preuves dans les technologies de production, de distribution et d&rsquo;\u00e9mission de froid. Sa ma\u00eetrise du rafra\u00eechissement et de la climatisation de confort, ainsi que des technologies de refroidissement commercial, industriel, informatique et sportif (patinoires), fait de Tecnoservice un planificateur et conseiller d&rsquo;exception dans le domaine. C&rsquo;est dans un esprit d&rsquo;\u00e9tude et d&rsquo;investigation pouss\u00e9 que nous vous proposons les variantes frigorifiques les plus adapt\u00e9es \u00e0 chaque projet. Nous\u00a0 sommes en constante recherche de solutions optimis\u00e9es sur la base des objectifs financiers et d\u2019efficacit\u00e9 \u00e9nerg\u00e9tique. De m\u00eame, une consid\u00e9ration toute particuli\u00e8re est d\u00e9di\u00e9e aux \u00e9nergies renouvelables. La maximisation des coefficients de performance (EER) des groupes de froid et les possibilit\u00e9s de\u00a0r\u00e9cup\u00e9ration de chaleur sur les condenseurs sont \u00e9valu\u00e9es syst\u00e9matiquement.\u00a0Une analyse d\u00e9taill\u00e9e de la situation, de la structure et de l&rsquo;utilisation des locaux nous permet d&rsquo;\u00e9tablir les calculs de calorim\u00e9trie et de dimensionnement des groupes, servant \u00e0 alimenter en froid les \u00e9metteurs statiques et l\u2019air de ventilation, que ce soit \u00e0 des fins de confort ou de process. Nous offrons \u00e9galement pour nos clients la possibilit\u00e9 d&rsquo;affiner nos r\u00e9sultats de consommations par des simulations software de type <em>STD<\/em>\u00a0(<em>simulations thermiques dynamiques)<\/em>. Ainsi, une \u00e9tude d\u00e9taill\u00e9e des risques de surchauffe estivale peut \u00eatre mise \u00e0 disposition si demand\u00e9e.<\/span><\/p>\n<p><span style=\"color: #000000;\">Pendant l&rsquo;exploitation d&rsquo;une installation, nous sommes \u00e9galement qualifi\u00e9s pour la r\u00e9alisation d&rsquo;expertises techniques, comprenant : relev\u00e9 sur place, r\u00e9daction de rapports et chiffrage d&rsquo;\u00e9ventuelles variantes d&rsquo;assainissement \u00e0 pr\u00e9voir.<\/span><\/p>\n<p><span style=\"color: #000000;\">Tecnoservice b\u00e9n\u00e9ficie d&rsquo;une exp\u00e9rience av\u00e9r\u00e9e et reconnue dans la conception et le suivi d&rsquo;installations de :<\/span><\/p>\n<ul>\n<li><span style=\"color: #000000;\">g\u00e9ocooling (sur champs de sondes g\u00e9othermiques)<\/span><\/li>\n<li><span style=\"color: #000000;\">freecooling par l&rsquo;air de ventilation (rafra\u00eechissement de nuit ou par puits canadien)<\/span><\/li>\n<li><span style=\"color: #000000;\">freecooling par a\u00e9rorefroidisseur\u00a0<\/span><\/li>\n<li><span style=\"color: #000000;\">refroidissement par \u00e9changeur sur les eaux communales<\/span><\/li>\n<li><span style=\"color: #000000;\">groupe de froid par pompe \u00e0 chaleur sur sondes g\u00e9othermiques (y compris r\u00e9versible chaud\/froid et coupl\u00e9 au g\u00e9ocooling)<\/span><\/li>\n<li><span style=\"color: #000000;\">groupe de froid par pompes \u00e0 chaleur eau\/eau<\/span><\/li>\n<li><span style=\"color: #000000;\">groupe de froid par pompes \u00e0 chaleur air\/eau<\/span><\/li>\n<\/ul>\n<p><span style=\"color: #000000;\">Tecnoservice a par ailleurs \u00e9tudi\u00e9 des principes plus innovants tels que des syst\u00e8mes incluant des pompes \u00e0 chaleur \u00e0 absorption. Concernant les unit\u00e9s\u00a0int\u00e9rieures\u00a0de climatisation (poutres climatiques, panneaux rayonnants, armoires de climatisation, convecteurs de sol ou ventilo-\/\u00e9jecto-convecteurs), une int\u00e9gration esth\u00e9tique sera privil\u00e9gi\u00e9e dans les locaux \u00e0 refroidir. Il en va de m\u00eame pour les unit\u00e9s ext\u00e9rieures (unit\u00e9s de condensation) en fa\u00e7ade, en toiture ou \u00e0 proximit\u00e9 du b\u00e2timent. Nous comptons \u00e9galement bon nombre de r\u00e9f\u00e9rences en dalles actives froides ou planchers rafra\u00eechissants.<\/span><\/p>\n<p><span style=\"color: #000000;\">Dans le cadre de tout mandat, nous sommes en mesure de r\u00e9aliser chacune des prestations suivantes pour les installations de refroidissement \u00e9tudi\u00e9es :<\/span><\/p>\n<ul>\n<li><span style=\"color: #000000;\">les plans et sch\u00e9mas de refroidissement pour chaque phase d&rsquo;avancement d&rsquo;un projet<\/span><\/li>\n<li><span style=\"color: #000000;\">les chiffrages d&rsquo;installation (sous forme de devis)<\/span><\/li>\n<li><span style=\"color: #000000;\">les r\u00e9dactions de soumissions<\/span><\/li>\n<li><span style=\"color: #000000;\">la mise \u00e0 disposition des documents d&rsquo;autorisation compl\u00e9t\u00e9s et conformes (y compris dans le cas de labellisations Minergie ou autres)<\/span><\/li>\n<li><span style=\"color: #000000;\">le suivi de chantier et des mises en service jusqu&rsquo;\u00e0 ach\u00e8vement des travaux et r\u00e9ception.<\/span><\/li>\n<\/ul>\n<p><span style=\"color: #000000;\">Nous assurons donc l&rsquo;ensemble des prestations d&rsquo;ing\u00e9nieur du r\u00e8glement SIA 108 pour les installations de refroidissement. Cette ma\u00eetrise porte aussi bien sur des b\u00e2timents nouveaux, transform\u00e9s ou r\u00e9nov\u00e9s, que sur des proc\u00e9d\u00e9s industriels. Notre travail est conduit dans un esprit de collaboration constructive avec le ma\u00eetre d&rsquo;ouvrage,\u00a0l&rsquo;architecte, la direction des travaux, l&rsquo;ing\u00e9nieur civil, les autorit\u00e9s locales et les autres intervenants du projet.<\/span><\/p><\/blockquote>\n<p>[\/vc_column_text][\/vc_column][\/vc_row][vc_row row_height_percent=\u00a0\u00bb0&Prime; override_padding=\u00a0\u00bbyes\u00a0\u00bb h_padding=\u00a0\u00bb2&Prime; top_padding=\u00a0\u00bb4&Prime; bottom_padding=\u00a0\u00bb0&Prime; overlay_alpha=\u00a0\u00bb50&Prime; equal_height=\u00a0\u00bbyes\u00a0\u00bb gutter_size=\u00a0\u00bb0&Prime; column_width_percent=\u00a0\u00bb100&Prime; shift_y=\u00a0\u00bb0&Prime; z_index=\u00a0\u00bb0&Prime;][vc_column column_width_percent=\u00a0\u00bb100&Prime; align_horizontal=\u00a0\u00bbalign_center\u00a0\u00bb override_padding=\u00a0\u00bbyes\u00a0\u00bb column_padding=\u00a0\u00bb3&Prime; font_family=\u00a0\u00bbfont-202503&Prime; overlay_alpha=\u00a0\u00bb50&Prime; gutter_size=\u00a0\u00bb3&Prime; border_color=\u00a0\u00bbcolor-gyho\u00a0\u00bb border_style=\u00a0\u00bbsolid\u00a0\u00bb medium_width=\u00a0\u00bb3&Prime; mobile_width=\u00a0\u00bb0&Prime; shift_x=\u00a0\u00bb0&Prime; shift_y=\u00a0\u00bb0&Prime; shift_y_down=\u00a0\u00bb0&Prime; z_index=\u00a0\u00bb0&Prime; width=\u00a0\u00bb1\/3&Prime; css=\u00a0\u00bb.vc_custom_1495111159707{border-right-width: 1px !important;}\u00a0\u00bb][vc_icon icon=\u00a0\u00bbfa fa-location-2&Prime; icon_color=\u00a0\u00bbcolor-wvjs\u00a0\u00bb size=\u00a0\u00bbfa-3x\u00a0\u00bb text_size=\u00a0\u00bbh2&Prime; text_font=\u00a0\u00bbfont-377884&Prime; text_weight=\u00a0\u00bb400&Prime; text_lead=\u00a0\u00bbyes\u00a0\u00bb title=\u00a0\u00bbConcept\u00a0\u00bb][\/vc_icon][\/vc_column][vc_column column_width_percent=\u00a0\u00bb100&Prime; align_horizontal=\u00a0\u00bbalign_center\u00a0\u00bb override_padding=\u00a0\u00bbyes\u00a0\u00bb column_padding=\u00a0\u00bb3&Prime; font_family=\u00a0\u00bbfont-202503&Prime; overlay_alpha=\u00a0\u00bb50&Prime; gutter_size=\u00a0\u00bb3&Prime; border_color=\u00a0\u00bbcolor-gyho\u00a0\u00bb border_style=\u00a0\u00bbsolid\u00a0\u00bb medium_width=\u00a0\u00bb3&Prime; mobile_width=\u00a0\u00bb0&Prime; shift_x=\u00a0\u00bb0&Prime; shift_y=\u00a0\u00bb0&Prime; shift_y_down=\u00a0\u00bb0&Prime; z_index=\u00a0\u00bb0&Prime; width=\u00a0\u00bb1\/3&Prime; css=\u00a0\u00bb.vc_custom_1495111165050{border-right-width: 1px !important;}\u00a0\u00bb][vc_icon icon=\u00a0\u00bbfa fa-repeat2&Prime; icon_color=\u00a0\u00bbcolor-wvjs\u00a0\u00bb size=\u00a0\u00bbfa-3x\u00a0\u00bb text_size=\u00a0\u00bbh2&Prime; text_font=\u00a0\u00bbfont-377884&Prime; text_weight=\u00a0\u00bb400&Prime; text_lead=\u00a0\u00bbyes\u00a0\u00bb title=\u00a0\u00bbEtude\u00a0\u00bb][\/vc_icon][\/vc_column][vc_column column_width_percent=\u00a0\u00bb100&Prime; align_horizontal=\u00a0\u00bbalign_center\u00a0\u00bb override_padding=\u00a0\u00bbyes\u00a0\u00bb column_padding=\u00a0\u00bb3&Prime; font_family=\u00a0\u00bbfont-202503&Prime; overlay_alpha=\u00a0\u00bb50&Prime; gutter_size=\u00a0\u00bb3&Prime; medium_width=\u00a0\u00bb3&Prime; mobile_width=\u00a0\u00bb0&Prime; shift_x=\u00a0\u00bb0&Prime; shift_y=\u00a0\u00bb0&Prime; shift_y_down=\u00a0\u00bb0&Prime; z_index=\u00a0\u00bb0&Prime; width=\u00a0\u00bb1\/3&Prime;][vc_icon icon=\u00a0\u00bbfa fa-monitor\u00a0\u00bb icon_color=\u00a0\u00bbcolor-wvjs\u00a0\u00bb size=\u00a0\u00bbfa-3x\u00a0\u00bb text_size=\u00a0\u00bbh2&Prime; text_font=\u00a0\u00bbfont-377884&Prime; text_weight=\u00a0\u00bb400&Prime; text_lead=\u00a0\u00bbyes\u00a0\u00bb title=\u00a0\u00bbD\u00e9veloppement\u00a0\u00bb][\/vc_icon][\/vc_column][\/vc_row][vc_row row_height_percent=\u00a0\u00bb0&Prime; override_padding=\u00a0\u00bbyes\u00a0\u00bb h_padding=\u00a0\u00bb0&Prime; top_padding=\u00a0\u00bb0&Prime; bottom_padding=\u00a0\u00bb0&Prime; overlay_alpha=\u00a0\u00bb50&Prime; gutter_size=\u00a0\u00bb3&Prime; column_width_percent=\u00a0\u00bb100&Prime; medium_visibility=\u00a0\u00bbyes\u00a0\u00bb mobile_visibility=\u00a0\u00bbyes\u00a0\u00bb shift_y=\u00a0\u00bb0&Prime; z_index=\u00a0\u00bb0&Prime;][vc_column width=\u00a0\u00bb1\/1&Prime;][vc_separator][\/vc_column][\/vc_row][vc_row row_height_percent=\u00a0\u00bb0&Prime; override_padding=\u00a0\u00bbyes\u00a0\u00bb h_padding=\u00a0\u00bb2&Prime; top_padding=\u00a0\u00bb0&Prime; bottom_padding=\u00a0\u00bb4&Prime; overlay_alpha=\u00a0\u00bb50&Prime; equal_height=\u00a0\u00bbyes\u00a0\u00bb gutter_size=\u00a0\u00bb0&Prime; column_width_percent=\u00a0\u00bb100&Prime; shift_y=\u00a0\u00bb0&Prime; z_index=\u00a0\u00bb0&Prime;][vc_column column_width_percent=\u00a0\u00bb100&Prime; align_horizontal=\u00a0\u00bbalign_center\u00a0\u00bb override_padding=\u00a0\u00bbyes\u00a0\u00bb column_padding=\u00a0\u00bb3&Prime; font_family=\u00a0\u00bbfont-202503&Prime; overlay_alpha=\u00a0\u00bb50&Prime; gutter_size=\u00a0\u00bb3&Prime; border_color=\u00a0\u00bbcolor-gyho\u00a0\u00bb border_style=\u00a0\u00bbsolid\u00a0\u00bb medium_width=\u00a0\u00bb3&Prime; mobile_width=\u00a0\u00bb0&Prime; shift_x=\u00a0\u00bb0&Prime; shift_y=\u00a0\u00bb0&Prime; shift_y_down=\u00a0\u00bb0&Prime; z_index=\u00a0\u00bb0&Prime; width=\u00a0\u00bb1\/3&Prime; css=\u00a0\u00bb.vc_custom_1495111176624{border-right-width: 1px !important;}\u00a0\u00bb][vc_icon icon=\u00a0\u00bbfa fa-box\u00a0\u00bb icon_color=\u00a0\u00bbcolor-wvjs\u00a0\u00bb size=\u00a0\u00bbfa-3x\u00a0\u00bb text_size=\u00a0\u00bbh2&Prime; text_font=\u00a0\u00bbfont-377884&Prime; text_weight=\u00a0\u00bb400&Prime; text_lead=\u00a0\u00bbyes\u00a0\u00bb title=\u00a0\u00bbMise en oeuvre\u00a0\u00bb][\/vc_icon][\/vc_column][vc_column column_width_percent=\u00a0\u00bb100&Prime; align_horizontal=\u00a0\u00bbalign_center\u00a0\u00bb override_padding=\u00a0\u00bbyes\u00a0\u00bb column_padding=\u00a0\u00bb3&Prime; font_family=\u00a0\u00bbfont-202503&Prime; overlay_alpha=\u00a0\u00bb50&Prime; gutter_size=\u00a0\u00bb3&Prime; border_color=\u00a0\u00bbcolor-gyho\u00a0\u00bb border_style=\u00a0\u00bbsolid\u00a0\u00bb medium_width=\u00a0\u00bb3&Prime; mobile_width=\u00a0\u00bb0&Prime; shift_x=\u00a0\u00bb0&Prime; shift_y=\u00a0\u00bb0&Prime; shift_y_down=\u00a0\u00bb0&Prime; z_index=\u00a0\u00bb0&Prime; width=\u00a0\u00bb1\/3&Prime; css=\u00a0\u00bb.vc_custom_1495111181688{border-right-width: 1px !important;}\u00a0\u00bb][vc_icon icon=\u00a0\u00bbfa fa-eye2&Prime; icon_color=\u00a0\u00bbcolor-wvjs\u00a0\u00bb size=\u00a0\u00bbfa-3x\u00a0\u00bb text_size=\u00a0\u00bbh2&Prime; text_font=\u00a0\u00bbfont-377884&Prime; text_weight=\u00a0\u00bb400&Prime; text_lead=\u00a0\u00bbyes\u00a0\u00bb title=\u00a0\u00bbSuivi\u00a0\u00bb][\/vc_icon][\/vc_column][vc_column column_width_percent=\u00a0\u00bb100&Prime; align_horizontal=\u00a0\u00bbalign_center\u00a0\u00bb override_padding=\u00a0\u00bbyes\u00a0\u00bb column_padding=\u00a0\u00bb3&Prime; font_family=\u00a0\u00bbfont-202503&Prime; overlay_alpha=\u00a0\u00bb50&Prime; gutter_size=\u00a0\u00bb3&Prime; medium_width=\u00a0\u00bb3&Prime; mobile_width=\u00a0\u00bb0&Prime; shift_x=\u00a0\u00bb0&Prime; shift_y=\u00a0\u00bb0&Prime; shift_y_down=\u00a0\u00bb0&Prime; z_index=\u00a0\u00bb0&Prime; width=\u00a0\u00bb1\/3&Prime;][vc_icon icon=\u00a0\u00bbfa fa-check2&Prime; icon_color=\u00a0\u00bbcolor-wvjs\u00a0\u00bb size=\u00a0\u00bbfa-3x\u00a0\u00bb text_size=\u00a0\u00bbh2&Prime; text_font=\u00a0\u00bbfont-377884&Prime; text_weight=\u00a0\u00bb400&Prime; text_lead=\u00a0\u00bbyes\u00a0\u00bb title=\u00a0\u00bbContr\u00f4le qualit\u00e9\u00a0\u00bb][\/vc_icon][\/vc_column][\/vc_row][vc_row row_height_percent=\u00a0\u00bb0&Prime; override_padding=\u00a0\u00bbyes\u00a0\u00bb h_padding=\u00a0\u00bb2&Prime; top_padding=\u00a0\u00bb0&Prime; bottom_padding=\u00a0\u00bb4&Prime; overlay_alpha=\u00a0\u00bb50&Prime; gutter_size=\u00a0\u00bb3&Prime; column_width_percent=\u00a0\u00bb100&Prime; shift_y=\u00a0\u00bb0&Prime; z_index=\u00a0\u00bb0&Prime;][vc_column column_width_use_pixel=\u00a0\u00bbyes\u00a0\u00bb font_family=\u00a0\u00bbfont-202503&Prime; overlay_alpha=\u00a0\u00bb50&Prime; gutter_size=\u00a0\u00bb3&Prime; medium_width=\u00a0\u00bb0&Prime; align_mobile=\u00a0\u00bbalign_center_mobile\u00a0\u00bb mobile_width=\u00a0\u00bb0&Prime; shift_x=\u00a0\u00bb0&Prime; shift_y=\u00a0\u00bb0&Prime; shift_y_down=\u00a0\u00bb0&Prime; z_index=\u00a0\u00bb0&Prime; width=\u00a0\u00bb1\/1&Prime; column_width_pixel=\u00a0\u00bb800&Prime;][vc_row_inner][vc_column_inner column_width_percent=\u00a0\u00bb100&Prime; align_horizontal=\u00a0\u00bbalign_center\u00a0\u00bb gutter_size=\u00a0\u00bb2&Prime; overlay_alpha=\u00a0\u00bb50&Prime; medium_width=\u00a0\u00bb0&Prime; mobile_width=\u00a0\u00bb0&Prime; shift_x=\u00a0\u00bb0&Prime; shift_y=\u00a0\u00bb0&Prime; shift_y_down=\u00a0\u00bb0&Prime; z_index=\u00a0\u00bb0&Prime; width=\u00a0\u00bb1\/1&Prime;][vc_custom_heading heading_semantic=\u00a0\u00bbh6&Prime; text_size=\u00a0\u00bbfontsize-155944&Prime; text_space=\u00a0\u00bbfontspace-111509&Prime; text_font=\u00a0\u00bbfont-202503&Prime; text_weight=\u00a0\u00bb300&Prime; text_color=\u00a0\u00bbcolor-wvjs\u00a0\u00bb]\u3030[\/vc_custom_heading][vc_custom_heading heading_semantic=\u00a0\u00bbh1&Prime; text_size=\u00a0\u00bbh1&Prime; text_weight=\u00a0\u00bb300&Prime;]Exemples de r\u00e9alisations[\/vc_custom_heading][\/vc_column_inner][\/vc_row_inner][\/vc_column][\/vc_row][vc_row row_height_percent=\u00a0\u00bb0&Prime; override_padding=\u00a0\u00bbyes\u00a0\u00bb h_padding=\u00a0\u00bb3&Prime; top_padding=\u00a0\u00bb0&Prime; bottom_padding=\u00a0\u00bb4&Prime; overlay_alpha=\u00a0\u00bb100&Prime; gutter_size=\u00a0\u00bb3&Prime; column_width_percent=\u00a0\u00bb100&Prime; border_color=\u00a0\u00bbcolor-gyho\u00a0\u00bb border_style=\u00a0\u00bbsolid\u00a0\u00bb shift_y=\u00a0\u00bb0&Prime; z_index=\u00a0\u00bb0&Prime;][vc_column column_width_percent=\u00a0\u00bb100&Prime; align_horizontal=\u00a0\u00bbalign_center\u00a0\u00bb overlay_alpha=\u00a0\u00bb100&Prime; gutter_size=\u00a0\u00bb3&Prime; medium_width=\u00a0\u00bb0&Prime; mobile_width=\u00a0\u00bb0&Prime; shift_x=\u00a0\u00bb0&Prime; shift_y=\u00a0\u00bb0&Prime; shift_y_down=\u00a0\u00bb0&Prime; z_index=\u00a0\u00bb0&Prime; zoom_width=\u00a0\u00bb0&Prime; zoom_height=\u00a0\u00bb0&Prime; width=\u00a0\u00bb1\/1&Prime;][uncode_index el_id=\u00a0\u00bbindex-781286&Prime; isotope_mode=\u00a0\u00bbpackery\u00a0\u00bb loop=\u00a0\u00bbsize:6|order_by:rand|order:ASC|post_type:portfolio|tax_query:32&Prime; style_preset=\u00a0\u00bbmetro\u00a0\u00bb gutter_size=\u00a0\u00bb2&Prime; post_items=\u00a0\u00bbmedia,title,category,date,text,link,author,sep-one,extra\u00a0\u00bb portfolio_items=\u00a0\u00bbmedia|featured|onpost|original,title,category\u00a0\u00bb screen_lg=\u00a0\u00bb1000&Prime; screen_md=\u00a0\u00bb600&Prime; screen_sm=\u00a0\u00bb480&Prime; single_text=\u00a0\u00bboverlay\u00a0\u00bb single_overlay_color=\u00a0\u00bbaccent\u00a0\u00bb single_overlay_opacity=\u00a0\u00bb95&Prime; single_image_color_anim=\u00a0\u00bbyes\u00a0\u00bb single_image_anim=\u00a0\u00bbno\u00a0\u00bb single_h_align=\u00a0\u00bbcenter\u00a0\u00bb single_padding=\u00a0\u00bb3&Prime; single_text_reduced=\u00a0\u00bbyes\u00a0\u00bb single_title_transform=\u00a0\u00bbcapitalize\u00a0\u00bb single_title_dimension=\u00a0\u00bbh5&Prime; single_title_family=\u00a0\u00bbfont-762333&Prime; single_title_height=\u00a0\u00bbfontheight-357766&Prime; single_title_space=\u00a0\u00bbfontspace-781688&Prime; single_border=\u00a0\u00bbyes\u00a0\u00bb single_css_animation=\u00a0\u00bbzoom-in\u00a0\u00bb single_animation_delay=\u00a0\u00bb200&Prime; custom_order=\u00a0\u00bbyes\u00a0\u00bb items=\u00a0\u00bbeyI0MTU0X2kiOnsic2luZ2xlX3dpZHRoIjoiNCIsInNpbmdsZV9oZWlnaHQiOiI2In0sIjQwODFfaSI6eyJzaW5nbGVfaGVpZ2h0IjoiNiIsImJhY2tfaW1hZ2UiOiIyMzQ5MSIsInNpbmdsZV9sYXlvdXQiOiJtZWRpYXxmZWF0dXJlZHxvbnBvc3R8b3JpZ2luYWwsdGl0bGUsY2F0ZWdvcnkiLCJzaW5nbGVfaWNvbiI6ImZhIGZhLXBsdXMyIn0sIjQwNjlfaSI6eyJzaW5nbGVfaGVpZ2h0IjoiNiJ9LCI0MDg1X2kiOnsic2luZ2xlX2hlaWdodCI6IjYifSwiNDE0MF9pIjp7InNpbmdsZV9oZWlnaHQiOiI2In0sIjQwNzFfaSI6eyJzaW5nbGVfaWNvbiI6ImZhIGZhLXBsdXMyIiwic2luZ2xlX2hlaWdodCI6IjYifX0=\u00a0\u00bb single_icon=\u00a0\u00bbfa fa-plus2&Prime; order_ids=\u00a0\u00bb4154,4151,4146,4142,4140,4089,4087,4085,4071,4078&Prime;][\/vc_column][\/vc_row]<\/p>\n<\/div>","protected":false},"excerpt":{"rendered":"<p>[vc_row row_height_percent=\u00a0\u00bb0&Prime; override_padding=\u00a0\u00bbyes\u00a0\u00bb h_padding=\u00a0\u00bb2&Prime; top_padding=\u00a0\u00bb0&Prime; bottom_padding=\u00a0\u00bb0&Prime; overlay_alpha=\u00a0\u00bb50&Prime; gutter_size=\u00a0\u00bb3&Prime; column_width_percent=\u00a0\u00bb100&Prime; shift_y=\u00a0\u00bb0&Prime; z_index=\u00a0\u00bb0&Prime;][vc_column column_width_percent=\u00a0\u00bb100&Prime; override_padding=\u00a0\u00bbyes\u00a0\u00bb column_padding=\u00a0\u00bb3&Prime; back_color=\u00a0\u00bbcolor-xsdn\u00a0\u00bb overlay_alpha=\u00a0\u00bb50&Prime; gutter_size=\u00a0\u00bb3&Prime; medium_width=\u00a0\u00bb0&Prime; mobile_width=\u00a0\u00bb0&Prime; shift_x=\u00a0\u00bb0&Prime; [&hellip;]<\/p>\n","protected":false},"author":1,"featured_media":0,"parent":0,"menu_order":7,"comment_status":"open","ping_status":"closed","template":"","meta":{"footnotes":""},"_links":{"self":[{"href":"https:\/\/www.tecnoservice.ch\/web\/wp-json\/wp\/v2\/pages\/73939"}],"collection":[{"href":"https:\/\/www.tecnoservice.ch\/web\/wp-json\/wp\/v2\/pages"}],"about":[{"href":"https:\/\/www.tecnoservice.ch\/web\/wp-json\/wp\/v2\/types\/page"}],"author":[{"embeddable":true,"href":"https:\/\/www.tecnoservice.ch\/web\/wp-json\/wp\/v2\/users\/1"}],"replies":[{"embeddable":true,"href":"https:\/\/www.tecnoservice.ch\/web\/wp-json\/wp\/v2\/comments?post=73939"}],"version-history":[{"count":29,"href":"https:\/\/www.tecnoservice.ch\/web\/wp-json\/wp\/v2\/pages\/73939\/revisions"}],"predecessor-version":[{"id":77258,"href":"https:\/\/www.tecnoservice.ch\/web\/wp-json\/wp\/v2\/pages\/73939\/revisions\/77258"}],"wp:attachment":[{"href":"https:\/\/www.tecnoservice.ch\/web\/wp-json\/wp\/v2\/media?parent=73939"}],"curies":[{"name":"wp","href":"https:\/\/api.w.org\/{rel}","templated":true}]}}