{"id":73945,"date":"2018-05-29T12:35:01","date_gmt":"2018-05-29T12:35:01","guid":{"rendered":"http:\/\/www.tecnoservice.ch\/web\/climatisation-2\/"},"modified":"2024-10-25T21:43:16","modified_gmt":"2024-10-25T20:43:16","slug":"energie","status":"publish","type":"page","link":"https:\/\/www.tecnoservice.ch\/web\/energie\/","title":{"rendered":"\u00c9nergie &#8211; Physique du B\u00e2timent"},"content":{"rendered":"<div class=\"wpb-content-wrapper\"><p>[vc_row row_height_percent=\u00a0\u00bb0&Prime; override_padding=\u00a0\u00bbyes\u00a0\u00bb h_padding=\u00a0\u00bb2&Prime; top_padding=\u00a0\u00bb0&Prime; bottom_padding=\u00a0\u00bb0&Prime; overlay_alpha=\u00a0\u00bb50&Prime; gutter_size=\u00a0\u00bb3&Prime; column_width_percent=\u00a0\u00bb100&Prime; shift_y=\u00a0\u00bb0&Prime; z_index=\u00a0\u00bb0&Prime;][vc_column column_width_percent=\u00a0\u00bb100&Prime; override_padding=\u00a0\u00bbyes\u00a0\u00bb column_padding=\u00a0\u00bb3&Prime; back_color=\u00a0\u00bbcolor-xsdn\u00a0\u00bb overlay_alpha=\u00a0\u00bb50&Prime; gutter_size=\u00a0\u00bb3&Prime; medium_width=\u00a0\u00bb0&Prime; mobile_width=\u00a0\u00bb0&Prime; shift_x=\u00a0\u00bb0&Prime; shift_y=\u00a0\u00bb-4&Prime; shift_y_fixed=\u00a0\u00bbyes\u00a0\u00bb shift_y_down=\u00a0\u00bb0&Prime; z_index=\u00a0\u00bb0&Prime; width=\u00a0\u00bb1\/1&Prime;][vc_row_inner row_inner_height_percent=\u00a0\u00bb0&Prime; overlay_alpha=\u00a0\u00bb50&Prime; equal_height=\u00a0\u00bbyes\u00a0\u00bb gutter_size=\u00a0\u00bb0&Prime; shift_y=\u00a0\u00bb0&Prime;][vc_column_inner column_width_percent=\u00a0\u00bb100&Prime; position_vertical=\u00a0\u00bbmiddle\u00a0\u00bb align_horizontal=\u00a0\u00bbalign_right\u00a0\u00bb override_padding=\u00a0\u00bbyes\u00a0\u00bb column_padding=\u00a0\u00bb2&Prime; gutter_size=\u00a0\u00bb3&Prime; overlay_alpha=\u00a0\u00bb50&Prime; border_color=\u00a0\u00bbcolor-gyho\u00a0\u00bb border_style=\u00a0\u00bbsolid\u00a0\u00bb medium_width=\u00a0\u00bb2&Prime; align_mobile=\u00a0\u00bbalign_center_mobile\u00a0\u00bb mobile_width=\u00a0\u00bb0&Prime; shift_x=\u00a0\u00bb0&Prime; shift_y=\u00a0\u00bb0&Prime; shift_y_down=\u00a0\u00bb0&Prime; z_index=\u00a0\u00bb0&Prime; width=\u00a0\u00bb3\/12&Prime; css=\u00a0\u00bb.vc_custom_1495102345881{border-right-width: 1px !important;}\u00a0\u00bb][vc_icon icon=\u00a0\u00bbfa fa-home-outline\u00a0\u00bb icon_color=\u00a0\u00bbaccent\u00a0\u00bb size=\u00a0\u00bbfa-5x\u00a0\u00bb][\/vc_icon][\/vc_column_inner][vc_column_inner column_width_percent=\u00a0\u00bb100&Prime; position_vertical=\u00a0\u00bbmiddle\u00a0\u00bb override_padding=\u00a0\u00bbyes\u00a0\u00bb column_padding=\u00a0\u00bb2&Prime; gutter_size=\u00a0\u00bb3&Prime; overlay_alpha=\u00a0\u00bb50&Prime; medium_width=\u00a0\u00bb6&Prime; align_mobile=\u00a0\u00bbalign_center_mobile\u00a0\u00bb mobile_width=\u00a0\u00bb0&Prime; shift_x=\u00a0\u00bb0&Prime; shift_y=\u00a0\u00bb0&Prime; shift_y_down=\u00a0\u00bb0&Prime; z_index=\u00a0\u00bb0&Prime; width=\u00a0\u00bb9\/12&Prime;][vc_custom_heading text_size=\u00a0\u00bbfontsize-155944&Prime; text_font=\u00a0\u00bbfont-377884&Prime; text_weight=\u00a0\u00bb400&Prime;]\u00c9nergie &#8211; Physique du B\u00e2timent[\/vc_custom_heading][\/vc_column_inner][\/vc_row_inner][vc_separator sep_color=\u00a0\u00bbcolor-xsdn\u00a0\u00bb][\/vc_column][\/vc_row][vc_row row_height_percent=\u00a0\u00bb0&Prime; override_padding=\u00a0\u00bbyes\u00a0\u00bb h_padding=\u00a0\u00bb2&Prime; top_padding=\u00a0\u00bb0&Prime; bottom_padding=\u00a0\u00bb0&Prime; overlay_alpha=\u00a0\u00bb50&Prime; gutter_size=\u00a0\u00bb3&Prime; column_width_percent=\u00a0\u00bb100&Prime; shift_y=\u00a0\u00bb0&Prime; z_index=\u00a0\u00bb0&Prime;][vc_column column_width_percent=\u00a0\u00bb100&Prime; override_padding=\u00a0\u00bbyes\u00a0\u00bb column_padding=\u00a0\u00bb3&Prime; overlay_alpha=\u00a0\u00bb50&Prime; gutter_size=\u00a0\u00bb3&Prime; medium_width=\u00a0\u00bb0&Prime; mobile_width=\u00a0\u00bb0&Prime; shift_x=\u00a0\u00bb0&Prime; shift_y=\u00a0\u00bb-4&Prime; shift_y_fixed=\u00a0\u00bbyes\u00a0\u00bb shift_y_down=\u00a0\u00bb0&Prime; z_index=\u00a0\u00bb0&Prime; width=\u00a0\u00bb1\/1&Prime;][vc_column_text]<\/p>\n<blockquote><p><span style=\"color: #000000;\">Tecnoservice propose un large panel de prestations en \u00e9tude \u00e9nerg\u00e9tique dans les milieux du b\u00e2timent et de l&rsquo;industrie. A l&rsquo;heure des grands d\u00e9fis tels que la <em>Soci\u00e9t\u00e9 2000 Watts<\/em> et le projet <em>Suisse 2050<\/em>, nous sommes en mesure de vous orienter sur les meilleures dispositions \u00e0 prendre ou assainissements \u00e0 pr\u00e9voir pour r\u00e9pondre aux nouveaux enjeux \u00e9nerg\u00e9tiques. Nous sommes pr\u00e9sents pour vous conseiller tant sur l&rsquo;isolation des b\u00e2timents que sur des mises \u00e0 niveau d&rsquo;installations thermiques, a\u00e9rauliques ou \u00e9lectriques. Ces \u00e9tudes sont conduites dans le but de respecter les exigences cantonales et normatives (a minima) et les crit\u00e8res d&rsquo;un standard \u00e9nerg\u00e9tique dans le cas d&rsquo;une labellisation. Parmi les labels ou d\u00e9marches auxquels vous pourriez vous int\u00e9resser, il existe :<\/span><\/p>\n<ul>\n<li><span style=\"color: #000000;\">Minergie (standard)<\/span><\/li>\n<li><span style=\"color: #000000;\">Minergie-P<\/span><\/li>\n<li><span style=\"color: #000000;\">Minergie-A<\/span><\/li>\n<li><span style=\"color: #000000;\">Minergie-ECO<\/span><\/li>\n<li><span style=\"color: #000000;\">SNBS<\/span><\/li>\n<li><span style=\"color: #000000;\">Labels europ\u00e9ens :<\/span>\n<ul>\n<li><span style=\"color: #000000;\">BREEAM (GB)<\/span><\/li>\n<li><span style=\"color: #000000;\">DGNB-SGNI (D)<\/span><\/li>\n<li><span style=\"color: #000000;\">HQE (F)<\/span><\/li>\n<li><span style=\"color: #000000;\">Passiv&rsquo;Haus (D)<\/span><\/li>\n<li><span style=\"color: #000000;\">etc.<\/span><\/li>\n<\/ul>\n<\/li>\n<li><span style=\"color: #000000;\">Autres labels : LEED (USA), etc.<\/span><\/li>\n<\/ul>\n<p><span style=\"color: #000000;\">Pour chacun de ces labels, nous avons les comp\u00e9tence pour vous renseigner au mieux, compl\u00e9ter les documents pr\u00e9requis et vous aiguiller sur les choix \u00e9nerg\u00e9tiques les plus appropri\u00e9s.\u00a0<\/span><\/p>\n<p><span style=\"color: #000000;\">De m\u00eame, face \u00e0 la diversit\u00e9 de textes r\u00e9glementaires sur l&rsquo;\u00e9nergie dans les diff\u00e9rents cantons suisses, Tecnoservice compte suffisamment de r\u00e9f\u00e9rences d&rsquo;\u00e9tudes et d&rsquo;ouvrages pour vous informer et mettre en ad\u00e9quation le projet avec les bases \u00e9nerg\u00e9tiques l\u00e9gales de son emplacement.<\/span><\/p>\n<p><span style=\"color: #000000;\">Nous sommes \u00e9galement agr\u00e9\u00e9s experts CECB (<em>Certificat \u00e9nerg\u00e9tique cantonal des b\u00e2timents)<\/em> et nous tenons \u00e0 la disposition de nos clients pour l&rsquo;\u00e9tablissement de ces certificats officiels, demand\u00e9s dans les situations suivantes :<\/span><\/p>\n<ul>\n<li><span style=\"color: #000000;\">Vente d&rsquo;un bien immobilier de type r\u00e9sidentiel, scolaire ou tertiaire (CECB standard)<\/span><\/li>\n<li><span style=\"color: #000000;\">Obtention de subventions cantonales (CECB-Plus)<\/span><\/li>\n<\/ul>\n<p><span style=\"text-decoration: underline; color: #000000;\">Subventions<\/span><span style=\"color: #000000;\"> :<\/span>\u00a0<span style=\"color: #000000;\">Il n&rsquo;est pas toujours facile d&rsquo;\u00eatre au fait des meilleures mesures \u00e0 prendre pour mettre \u00e0 niveau l&rsquo;enveloppe thermique d&rsquo;un b\u00e2timent (isolation et vitrages), ainsi que son syst\u00e8mes de production de chaleur, et ce au meilleur prix.\u00a0Il existe d&rsquo;ailleurs plusieurs cat\u00e9gories de subventions auxquelles de nombreux propri\u00e9taires peuvent pourvoir tant au niveau cantonal (voire communal) que f\u00e9d\u00e9ral. Le remplacement d&rsquo;un chauffage \u00e0 gaz ou \u00e0 mazout par une pompe \u00e0 chaleur ou le raccordement \u00e0 un chauffage \u00e0 distance fait partie de ces mesures donnant lieu \u00e0 des r\u00e9tributions financi\u00e8res int\u00e9ressantes, tout comme la mise en place d&rsquo;une isolation plus performante ou de panneaux solaires. A ce titre, nous sommes habilit\u00e9s \u00e0 r\u00e9aliser des bilans financiers, \u00e9nerg\u00e9tiques et\/ou d&rsquo;\u00e9mission de CO2 pour vous aiguiller sur le meilleur assainissement \u00e0 pr\u00e9voir pour votre b\u00e2timent.<\/span><\/p>\n<p><span style=\"color: #000000;\">Nous r\u00e9alisons \u00e9galement des \u00e9tudes en physique du b\u00e2timent, y compris des simulations thermiques dynamiques (STD), pour rendre compte de l&rsquo;inertie thermique ou des limites de condensation d&rsquo;un b\u00e2timent ou d&rsquo;un \u00e9l\u00e9ment de construction.<\/span><\/p>\n<p><span style=\"color: #000000;\">Dans le cadre de toute \u00e9tude, nous sommes en mesure de r\u00e9aliser chacune des prestations suivantes pour les ouvrages \u00e9tudi\u00e9s :<\/span><\/p>\n<ul>\n<li><span style=\"color: #000000;\">la r\u00e9daction de rapports \u00e9nerg\u00e9tiques (y compris bilans carbone ou analyses du cycle de vie) et de physique du b\u00e2timent<\/span><\/li>\n<li><span style=\"color: #000000;\">les mesures de temp\u00e9rature, d&rsquo;humidit\u00e9, de d\u00e9bit, de son et de qualit\u00e9 de l&rsquo;air sur site et le listing des dispositions \u00e0 prendre (avec chiffrage si demand\u00e9) pour pallier ou pr\u00e9venir un dysfonctionnement ou un inconfort<\/span><\/li>\n<li><span style=\"color: #000000;\">les thermographies du b\u00e2timent (par cam\u00e9ra thermique)<\/span><\/li>\n<li><span style=\"color: #000000;\">s&rsquo;il y a lieu de r\u00e9aliser des travaux : <\/span>\n<ul>\n<li><span style=\"color: #000000;\">les chiffrages d&rsquo;installation CVSE (sous forme de devis)\u00a0<\/span><\/li>\n<li><span style=\"color: #000000;\">les r\u00e9dactions de soumissions CVSE<\/span><\/li>\n<li><span style=\"color: #000000;\">la mise \u00e0 disposition des documents d&rsquo;autorisation compl\u00e9t\u00e9s et conformes (y compris dans le cas de labellisations Minergie ou autres)<\/span><\/li>\n<li><span style=\"color: #000000;\">le suivi de chantier et des mises en service jusqu&rsquo;\u00e0 ach\u00e8vement des travaux et r\u00e9ception.<\/span><\/li>\n<\/ul>\n<\/li>\n<\/ul>\n<p><span style=\"color: #000000;\">Nous assurons donc l&rsquo;ensemble des prestations d&rsquo;ing\u00e9nieur du r\u00e8glement SIA 108 pour les \u00e9tudes \u00e9nerg\u00e9tiques et travaux qui peuvent s&rsquo;en suivre. Cette ma\u00eetrise porte aussi bien sur des b\u00e2timents nouveaux, transform\u00e9s ou r\u00e9nov\u00e9s, que sur des proc\u00e9d\u00e9s industriels. Notre travail est conduit dans un esprit de collaboration constructive avec le ma\u00eetre d&rsquo;ouvrage,\u00a0l&rsquo;architecte, la direction des travaux, l&rsquo;ing\u00e9nieur civil, les autorit\u00e9s locales et les autres intervenants du projet.<\/span><\/p><\/blockquote>\n<p>[\/vc_column_text][\/vc_column][\/vc_row][vc_row row_height_percent=\u00a0\u00bb0&Prime; override_padding=\u00a0\u00bbyes\u00a0\u00bb h_padding=\u00a0\u00bb2&Prime; top_padding=\u00a0\u00bb4&Prime; bottom_padding=\u00a0\u00bb0&Prime; overlay_alpha=\u00a0\u00bb50&Prime; equal_height=\u00a0\u00bbyes\u00a0\u00bb gutter_size=\u00a0\u00bb0&Prime; column_width_percent=\u00a0\u00bb100&Prime; shift_y=\u00a0\u00bb0&Prime; z_index=\u00a0\u00bb0&Prime;][vc_column column_width_percent=\u00a0\u00bb100&Prime; align_horizontal=\u00a0\u00bbalign_center\u00a0\u00bb override_padding=\u00a0\u00bbyes\u00a0\u00bb column_padding=\u00a0\u00bb3&Prime; font_family=\u00a0\u00bbfont-202503&Prime; overlay_alpha=\u00a0\u00bb50&Prime; gutter_size=\u00a0\u00bb3&Prime; border_color=\u00a0\u00bbcolor-gyho\u00a0\u00bb border_style=\u00a0\u00bbsolid\u00a0\u00bb medium_width=\u00a0\u00bb3&Prime; mobile_width=\u00a0\u00bb0&Prime; shift_x=\u00a0\u00bb0&Prime; shift_y=\u00a0\u00bb0&Prime; shift_y_down=\u00a0\u00bb0&Prime; z_index=\u00a0\u00bb0&Prime; width=\u00a0\u00bb1\/3&Prime; css=\u00a0\u00bb.vc_custom_1495111159707{border-right-width: 1px !important;}\u00a0\u00bb][vc_icon icon=\u00a0\u00bbfa fa-location-2&Prime; icon_color=\u00a0\u00bbcolor-wvjs\u00a0\u00bb size=\u00a0\u00bbfa-3x\u00a0\u00bb text_size=\u00a0\u00bbh2&Prime; text_font=\u00a0\u00bbfont-377884&Prime; text_weight=\u00a0\u00bb400&Prime; text_lead=\u00a0\u00bbyes\u00a0\u00bb title=\u00a0\u00bbConcept\u00a0\u00bb][\/vc_icon][\/vc_column][vc_column column_width_percent=\u00a0\u00bb100&Prime; align_horizontal=\u00a0\u00bbalign_center\u00a0\u00bb override_padding=\u00a0\u00bbyes\u00a0\u00bb column_padding=\u00a0\u00bb3&Prime; font_family=\u00a0\u00bbfont-202503&Prime; overlay_alpha=\u00a0\u00bb50&Prime; gutter_size=\u00a0\u00bb3&Prime; border_color=\u00a0\u00bbcolor-gyho\u00a0\u00bb border_style=\u00a0\u00bbsolid\u00a0\u00bb medium_width=\u00a0\u00bb3&Prime; mobile_width=\u00a0\u00bb0&Prime; shift_x=\u00a0\u00bb0&Prime; shift_y=\u00a0\u00bb0&Prime; shift_y_down=\u00a0\u00bb0&Prime; z_index=\u00a0\u00bb0&Prime; width=\u00a0\u00bb1\/3&Prime; css=\u00a0\u00bb.vc_custom_1495111165050{border-right-width: 1px !important;}\u00a0\u00bb][vc_icon icon=\u00a0\u00bbfa fa-repeat2&Prime; icon_color=\u00a0\u00bbcolor-wvjs\u00a0\u00bb size=\u00a0\u00bbfa-3x\u00a0\u00bb text_size=\u00a0\u00bbh2&Prime; text_font=\u00a0\u00bbfont-377884&Prime; text_weight=\u00a0\u00bb400&Prime; text_lead=\u00a0\u00bbyes\u00a0\u00bb title=\u00a0\u00bbEtude\u00a0\u00bb][\/vc_icon][\/vc_column][vc_column column_width_percent=\u00a0\u00bb100&Prime; align_horizontal=\u00a0\u00bbalign_center\u00a0\u00bb override_padding=\u00a0\u00bbyes\u00a0\u00bb column_padding=\u00a0\u00bb3&Prime; font_family=\u00a0\u00bbfont-202503&Prime; overlay_alpha=\u00a0\u00bb50&Prime; gutter_size=\u00a0\u00bb3&Prime; medium_width=\u00a0\u00bb3&Prime; mobile_width=\u00a0\u00bb0&Prime; shift_x=\u00a0\u00bb0&Prime; shift_y=\u00a0\u00bb0&Prime; shift_y_down=\u00a0\u00bb0&Prime; z_index=\u00a0\u00bb0&Prime; width=\u00a0\u00bb1\/3&Prime;][vc_icon icon=\u00a0\u00bbfa fa-monitor\u00a0\u00bb icon_color=\u00a0\u00bbcolor-wvjs\u00a0\u00bb size=\u00a0\u00bbfa-3x\u00a0\u00bb text_size=\u00a0\u00bbh2&Prime; text_font=\u00a0\u00bbfont-377884&Prime; text_weight=\u00a0\u00bb400&Prime; text_lead=\u00a0\u00bbyes\u00a0\u00bb title=\u00a0\u00bbD\u00e9veloppement\u00a0\u00bb][\/vc_icon][\/vc_column][\/vc_row][vc_row row_height_percent=\u00a0\u00bb0&Prime; override_padding=\u00a0\u00bbyes\u00a0\u00bb h_padding=\u00a0\u00bb0&Prime; top_padding=\u00a0\u00bb0&Prime; bottom_padding=\u00a0\u00bb0&Prime; overlay_alpha=\u00a0\u00bb50&Prime; gutter_size=\u00a0\u00bb3&Prime; column_width_percent=\u00a0\u00bb100&Prime; medium_visibility=\u00a0\u00bbyes\u00a0\u00bb mobile_visibility=\u00a0\u00bbyes\u00a0\u00bb shift_y=\u00a0\u00bb0&Prime; z_index=\u00a0\u00bb0&Prime;][vc_column width=\u00a0\u00bb1\/1&Prime;][vc_separator][\/vc_column][\/vc_row][vc_row row_height_percent=\u00a0\u00bb0&Prime; override_padding=\u00a0\u00bbyes\u00a0\u00bb h_padding=\u00a0\u00bb2&Prime; top_padding=\u00a0\u00bb0&Prime; bottom_padding=\u00a0\u00bb4&Prime; overlay_alpha=\u00a0\u00bb50&Prime; equal_height=\u00a0\u00bbyes\u00a0\u00bb gutter_size=\u00a0\u00bb0&Prime; column_width_percent=\u00a0\u00bb100&Prime; shift_y=\u00a0\u00bb0&Prime; z_index=\u00a0\u00bb0&Prime;][vc_column column_width_percent=\u00a0\u00bb100&Prime; align_horizontal=\u00a0\u00bbalign_center\u00a0\u00bb override_padding=\u00a0\u00bbyes\u00a0\u00bb column_padding=\u00a0\u00bb3&Prime; font_family=\u00a0\u00bbfont-202503&Prime; overlay_alpha=\u00a0\u00bb50&Prime; gutter_size=\u00a0\u00bb3&Prime; border_color=\u00a0\u00bbcolor-gyho\u00a0\u00bb border_style=\u00a0\u00bbsolid\u00a0\u00bb medium_width=\u00a0\u00bb3&Prime; mobile_width=\u00a0\u00bb0&Prime; shift_x=\u00a0\u00bb0&Prime; shift_y=\u00a0\u00bb0&Prime; shift_y_down=\u00a0\u00bb0&Prime; z_index=\u00a0\u00bb0&Prime; width=\u00a0\u00bb1\/3&Prime; css=\u00a0\u00bb.vc_custom_1495111176624{border-right-width: 1px !important;}\u00a0\u00bb][vc_icon icon=\u00a0\u00bbfa fa-box\u00a0\u00bb icon_color=\u00a0\u00bbcolor-wvjs\u00a0\u00bb size=\u00a0\u00bbfa-3x\u00a0\u00bb text_size=\u00a0\u00bbh2&Prime; text_font=\u00a0\u00bbfont-377884&Prime; text_weight=\u00a0\u00bb400&Prime; text_lead=\u00a0\u00bbyes\u00a0\u00bb title=\u00a0\u00bbMise en oeuvre\u00a0\u00bb][\/vc_icon][\/vc_column][vc_column column_width_percent=\u00a0\u00bb100&Prime; align_horizontal=\u00a0\u00bbalign_center\u00a0\u00bb override_padding=\u00a0\u00bbyes\u00a0\u00bb column_padding=\u00a0\u00bb3&Prime; font_family=\u00a0\u00bbfont-202503&Prime; overlay_alpha=\u00a0\u00bb50&Prime; gutter_size=\u00a0\u00bb3&Prime; border_color=\u00a0\u00bbcolor-gyho\u00a0\u00bb border_style=\u00a0\u00bbsolid\u00a0\u00bb medium_width=\u00a0\u00bb3&Prime; mobile_width=\u00a0\u00bb0&Prime; shift_x=\u00a0\u00bb0&Prime; shift_y=\u00a0\u00bb0&Prime; shift_y_down=\u00a0\u00bb0&Prime; z_index=\u00a0\u00bb0&Prime; width=\u00a0\u00bb1\/3&Prime; css=\u00a0\u00bb.vc_custom_1495111181688{border-right-width: 1px !important;}\u00a0\u00bb][vc_icon icon=\u00a0\u00bbfa fa-eye2&Prime; icon_color=\u00a0\u00bbcolor-wvjs\u00a0\u00bb size=\u00a0\u00bbfa-3x\u00a0\u00bb text_size=\u00a0\u00bbh2&Prime; text_font=\u00a0\u00bbfont-377884&Prime; text_weight=\u00a0\u00bb400&Prime; text_lead=\u00a0\u00bbyes\u00a0\u00bb title=\u00a0\u00bbSuivi\u00a0\u00bb][\/vc_icon][\/vc_column][vc_column column_width_percent=\u00a0\u00bb100&Prime; align_horizontal=\u00a0\u00bbalign_center\u00a0\u00bb override_padding=\u00a0\u00bbyes\u00a0\u00bb column_padding=\u00a0\u00bb3&Prime; font_family=\u00a0\u00bbfont-202503&Prime; overlay_alpha=\u00a0\u00bb50&Prime; gutter_size=\u00a0\u00bb3&Prime; medium_width=\u00a0\u00bb3&Prime; mobile_width=\u00a0\u00bb0&Prime; shift_x=\u00a0\u00bb0&Prime; shift_y=\u00a0\u00bb0&Prime; shift_y_down=\u00a0\u00bb0&Prime; z_index=\u00a0\u00bb0&Prime; width=\u00a0\u00bb1\/3&Prime;][vc_icon icon=\u00a0\u00bbfa fa-check2&Prime; icon_color=\u00a0\u00bbcolor-wvjs\u00a0\u00bb size=\u00a0\u00bbfa-3x\u00a0\u00bb text_size=\u00a0\u00bbh2&Prime; text_font=\u00a0\u00bbfont-377884&Prime; text_weight=\u00a0\u00bb400&Prime; text_lead=\u00a0\u00bbyes\u00a0\u00bb title=\u00a0\u00bbContr\u00f4le qualit\u00e9\u00a0\u00bb][\/vc_icon][\/vc_column][\/vc_row][vc_row row_height_percent=\u00a0\u00bb0&Prime; override_padding=\u00a0\u00bbyes\u00a0\u00bb h_padding=\u00a0\u00bb2&Prime; top_padding=\u00a0\u00bb0&Prime; bottom_padding=\u00a0\u00bb4&Prime; overlay_alpha=\u00a0\u00bb50&Prime; gutter_size=\u00a0\u00bb3&Prime; column_width_percent=\u00a0\u00bb100&Prime; shift_y=\u00a0\u00bb0&Prime; z_index=\u00a0\u00bb0&Prime;][vc_column column_width_use_pixel=\u00a0\u00bbyes\u00a0\u00bb font_family=\u00a0\u00bbfont-202503&Prime; overlay_alpha=\u00a0\u00bb50&Prime; gutter_size=\u00a0\u00bb3&Prime; medium_width=\u00a0\u00bb0&Prime; align_mobile=\u00a0\u00bbalign_center_mobile\u00a0\u00bb mobile_width=\u00a0\u00bb0&Prime; shift_x=\u00a0\u00bb0&Prime; shift_y=\u00a0\u00bb0&Prime; shift_y_down=\u00a0\u00bb0&Prime; z_index=\u00a0\u00bb0&Prime; width=\u00a0\u00bb1\/1&Prime; column_width_pixel=\u00a0\u00bb800&Prime;][vc_row_inner][vc_column_inner column_width_percent=\u00a0\u00bb100&Prime; align_horizontal=\u00a0\u00bbalign_center\u00a0\u00bb gutter_size=\u00a0\u00bb2&Prime; overlay_alpha=\u00a0\u00bb50&Prime; medium_width=\u00a0\u00bb0&Prime; mobile_width=\u00a0\u00bb0&Prime; shift_x=\u00a0\u00bb0&Prime; shift_y=\u00a0\u00bb0&Prime; shift_y_down=\u00a0\u00bb0&Prime; z_index=\u00a0\u00bb0&Prime; width=\u00a0\u00bb1\/1&Prime;][vc_custom_heading heading_semantic=\u00a0\u00bbh6&Prime; text_size=\u00a0\u00bbfontsize-155944&Prime; text_space=\u00a0\u00bbfontspace-111509&Prime; text_font=\u00a0\u00bbfont-202503&Prime; text_weight=\u00a0\u00bb300&Prime; text_color=\u00a0\u00bbcolor-wvjs\u00a0\u00bb]\u3030[\/vc_custom_heading][vc_custom_heading heading_semantic=\u00a0\u00bbh1&Prime; text_size=\u00a0\u00bbh1&Prime; text_weight=\u00a0\u00bb300&Prime;]Exemples de r\u00e9alisations[\/vc_custom_heading][\/vc_column_inner][\/vc_row_inner][\/vc_column][\/vc_row][vc_row row_height_percent=\u00a0\u00bb0&Prime; override_padding=\u00a0\u00bbyes\u00a0\u00bb h_padding=\u00a0\u00bb3&Prime; top_padding=\u00a0\u00bb0&Prime; bottom_padding=\u00a0\u00bb4&Prime; overlay_alpha=\u00a0\u00bb100&Prime; gutter_size=\u00a0\u00bb3&Prime; column_width_percent=\u00a0\u00bb100&Prime; border_color=\u00a0\u00bbcolor-gyho\u00a0\u00bb border_style=\u00a0\u00bbsolid\u00a0\u00bb shift_y=\u00a0\u00bb0&Prime; z_index=\u00a0\u00bb0&Prime;][vc_column column_width_percent=\u00a0\u00bb100&Prime; align_horizontal=\u00a0\u00bbalign_center\u00a0\u00bb overlay_alpha=\u00a0\u00bb100&Prime; gutter_size=\u00a0\u00bb3&Prime; medium_width=\u00a0\u00bb0&Prime; mobile_width=\u00a0\u00bb0&Prime; shift_x=\u00a0\u00bb0&Prime; shift_y=\u00a0\u00bb0&Prime; shift_y_down=\u00a0\u00bb0&Prime; z_index=\u00a0\u00bb0&Prime; zoom_width=\u00a0\u00bb0&Prime; zoom_height=\u00a0\u00bb0&Prime; width=\u00a0\u00bb1\/1&Prime;][uncode_index el_id=\u00a0\u00bbindex-781286&Prime; isotope_mode=\u00a0\u00bbpackery\u00a0\u00bb loop=\u00a0\u00bbsize:6|order_by:rand|order:ASC|post_type:portfolio|tax_query:32&Prime; style_preset=\u00a0\u00bbmetro\u00a0\u00bb gutter_size=\u00a0\u00bb2&Prime; post_items=\u00a0\u00bbmedia,title,category,date,text,link,author,sep-one,extra\u00a0\u00bb portfolio_items=\u00a0\u00bbmedia|featured|onpost|original,title,category\u00a0\u00bb screen_lg=\u00a0\u00bb1000&Prime; screen_md=\u00a0\u00bb600&Prime; screen_sm=\u00a0\u00bb480&Prime; single_text=\u00a0\u00bboverlay\u00a0\u00bb single_overlay_color=\u00a0\u00bbaccent\u00a0\u00bb single_overlay_opacity=\u00a0\u00bb95&Prime; single_image_color_anim=\u00a0\u00bbyes\u00a0\u00bb single_image_anim=\u00a0\u00bbno\u00a0\u00bb single_h_align=\u00a0\u00bbcenter\u00a0\u00bb single_padding=\u00a0\u00bb3&Prime; single_text_reduced=\u00a0\u00bbyes\u00a0\u00bb single_title_transform=\u00a0\u00bbcapitalize\u00a0\u00bb single_title_dimension=\u00a0\u00bbh5&Prime; single_title_family=\u00a0\u00bbfont-762333&Prime; single_title_height=\u00a0\u00bbfontheight-357766&Prime; single_title_space=\u00a0\u00bbfontspace-781688&Prime; single_border=\u00a0\u00bbyes\u00a0\u00bb single_css_animation=\u00a0\u00bbzoom-in\u00a0\u00bb single_animation_delay=\u00a0\u00bb200&Prime; custom_order=\u00a0\u00bbyes\u00a0\u00bb items=\u00a0\u00bbeyI0MTU0X2kiOnsic2luZ2xlX3dpZHRoIjoiNCIsInNpbmdsZV9oZWlnaHQiOiI2In0sIjQwODFfaSI6eyJzaW5nbGVfaGVpZ2h0IjoiNiIsImJhY2tfaW1hZ2UiOiIyMzQ5MSIsInNpbmdsZV9sYXlvdXQiOiJtZWRpYXxmZWF0dXJlZHxvbnBvc3R8b3JpZ2luYWwsdGl0bGUsY2F0ZWdvcnkiLCJzaW5nbGVfaWNvbiI6ImZhIGZhLXBsdXMyIn0sIjQwNjlfaSI6eyJzaW5nbGVfaGVpZ2h0IjoiNiJ9LCI0MDg1X2kiOnsic2luZ2xlX2hlaWdodCI6IjYifSwiNDE0MF9pIjp7InNpbmdsZV9oZWlnaHQiOiI2In0sIjQwNzFfaSI6eyJzaW5nbGVfaWNvbiI6ImZhIGZhLXBsdXMyIiwic2luZ2xlX2hlaWdodCI6IjYifX0=\u00a0\u00bb single_icon=\u00a0\u00bbfa fa-plus2&Prime; order_ids=\u00a0\u00bb4154,4151,4146,4142,4140,4089,4087,4085,4071,4078&Prime;][\/vc_column][\/vc_row]<\/p>\n<\/div>","protected":false},"excerpt":{"rendered":"<p>[vc_row row_height_percent=\u00a0\u00bb0&Prime; override_padding=\u00a0\u00bbyes\u00a0\u00bb h_padding=\u00a0\u00bb2&Prime; top_padding=\u00a0\u00bb0&Prime; bottom_padding=\u00a0\u00bb0&Prime; overlay_alpha=\u00a0\u00bb50&Prime; gutter_size=\u00a0\u00bb3&Prime; column_width_percent=\u00a0\u00bb100&Prime; shift_y=\u00a0\u00bb0&Prime; z_index=\u00a0\u00bb0&Prime;][vc_column column_width_percent=\u00a0\u00bb100&Prime; override_padding=\u00a0\u00bbyes\u00a0\u00bb column_padding=\u00a0\u00bb3&Prime; back_color=\u00a0\u00bbcolor-xsdn\u00a0\u00bb overlay_alpha=\u00a0\u00bb50&Prime; gutter_size=\u00a0\u00bb3&Prime; medium_width=\u00a0\u00bb0&Prime; mobile_width=\u00a0\u00bb0&Prime; shift_x=\u00a0\u00bb0&Prime; [&hellip;]<\/p>\n","protected":false},"author":1,"featured_media":0,"parent":0,"menu_order":12,"comment_status":"closed","ping_status":"closed","template":"","meta":{"footnotes":""},"_links":{"self":[{"href":"https:\/\/www.tecnoservice.ch\/web\/wp-json\/wp\/v2\/pages\/73945"}],"collection":[{"href":"https:\/\/www.tecnoservice.ch\/web\/wp-json\/wp\/v2\/pages"}],"about":[{"href":"https:\/\/www.tecnoservice.ch\/web\/wp-json\/wp\/v2\/types\/page"}],"author":[{"embeddable":true,"href":"https:\/\/www.tecnoservice.ch\/web\/wp-json\/wp\/v2\/users\/1"}],"replies":[{"embeddable":true,"href":"https:\/\/www.tecnoservice.ch\/web\/wp-json\/wp\/v2\/comments?post=73945"}],"version-history":[{"count":25,"href":"https:\/\/www.tecnoservice.ch\/web\/wp-json\/wp\/v2\/pages\/73945\/revisions"}],"predecessor-version":[{"id":78475,"href":"https:\/\/www.tecnoservice.ch\/web\/wp-json\/wp\/v2\/pages\/73945\/revisions\/78475"}],"wp:attachment":[{"href":"https:\/\/www.tecnoservice.ch\/web\/wp-json\/wp\/v2\/media?parent=73945"}],"curies":[{"name":"wp","href":"https:\/\/api.w.org\/{rel}","templated":true}]}}