{"id":78358,"date":"2021-05-11T20:13:58","date_gmt":"2021-05-11T19:13:50","guid":{"rendered":"https:\/\/www.tecnoservice.ch\/web\/?page_id=78358"},"modified":"2026-02-16T14:27:19","modified_gmt":"2026-02-16T13:27:19","slug":"annonce-projeteur_v-tecnone2026","status":"publish","type":"page","link":"https:\/\/www.tecnoservice.ch\/web\/emploi-3\/annonce-projeteur_v-tecnone2026\/","title":{"rendered":"Annonce emploi &#8211; Projeteur Ventilation &#8211; Tecnoservice Neuch\u00e2tel 2026"},"content":{"rendered":"<div class=\"wpb-content-wrapper\"><p>[vc_row unlock_row_content=\u00a0\u00bbyes\u00a0\u00bb row_height_percent=\u00a0\u00bb0&Prime; override_padding=\u00a0\u00bbyes\u00a0\u00bb h_padding=\u00a0\u00bb0&Prime; top_padding=\u00a0\u00bb0&Prime; bottom_padding=\u00a0\u00bb0&Prime; back_image=\u00a0\u00bb78363&Prime; overlay_alpha=\u00a0\u00bb100&Prime; equal_height=\u00a0\u00bbyes\u00a0\u00bb gutter_size=\u00a0\u00bb0&Prime; column_width_percent=\u00a0\u00bb100&Prime; shift_y=\u00a0\u00bb0&Prime; z_index=\u00a0\u00bb0&Prime; style=\u00a0\u00bbinherited\u00a0\u00bb][vc_column column_width_percent=\u00a0\u00bb100&Prime; position_horizontal=\u00a0\u00bbleft\u00a0\u00bb gutter_size=\u00a0\u00bb3&Prime; override_padding=\u00a0\u00bbyes\u00a0\u00bb column_padding=\u00a0\u00bb5&Prime; back_color=\u00a0\u00bbcolor-xsdn\u00a0\u00bb overlay_alpha=\u00a0\u00bb100&Prime; shift_x=\u00a0\u00bb0&Prime; shift_y=\u00a0\u00bb0&Prime; z_index=\u00a0\u00bb0&Prime; medium_width=\u00a0\u00bb100&Prime; zoom_width=\u00a0\u00bb0&Prime; zoom_height=\u00a0\u00bb0&Prime; width=\u00a0\u00bb1\/3&Prime; safe_padding=\u00a0\u00bbyes\u00a0\u00bb][vc_custom_heading heading_semantic=\u00a0\u00bbh3&Prime; text_size=\u00a0\u00bbh3&Prime; text_weight=\u00a0\u00bb700&Prime; text_transform=\u00a0\u00bbuppercase\u00a0\u00bb uncode_shortcode_id=\u00a0\u00bb609078&Prime;]<span style=\"color: #000000;\">Projeteur<\/span><\/p>\n<p><span style=\"color: #000000;\">en Technique du B\u00e2timent &#8211; Ventilation<\/span><\/p>\n<p><span style=\"color: #000000;\">80 \u00e0 100% H\/F<\/span>[\/vc_custom_heading][vc_separator sep_color=\u00a0\u00bb,Default\u00a0\u00bb][vc_icon position=\u00a0\u00bbleft\u00a0\u00bb title_aligned_icon=\u00a0\u00bbyes\u00a0\u00bb icon=\u00a0\u00bbfa fa-envelope-o\u00a0\u00bb size=\u00a0\u00bbfa-2x\u00a0\u00bb text_size=\u00a0\u00bbh4&Prime; title=\u00a0\u00bbSi vous \u00eates int\u00e9ress\u00e9(e), vous pouvez nous contacter (032 756 99 39) ou nous envoyer vos candidatures et CV par mail \u00e0 : neuchatel@tecnoservice.ch\u00a0\u00bb uncode_shortcode_id=\u00a0\u00bb117736&Prime;][\/vc_icon][vc_separator sep_color=\u00a0\u00bb,Default\u00a0\u00bb][vc_single_image media=\u00a0\u00bb75683&Prime; media_width_percent=\u00a0\u00bb100&Prime; advanced=\u00a0\u00bbyes\u00a0\u00bb media_items=\u00a0\u00bbmedia|original,icon|xl,description\u00a0\u00bb media_overlay_color=\u00a0\u00bbaccent\u00a0\u00bb media_overlay_opacity=\u00a0\u00bb50&Prime; media_h_align=\u00a0\u00bbcenter\u00a0\u00bb media_padding=\u00a0\u00bb2&Prime; media_icon=\u00a0\u00bbfa fa-map-marker\u00a0\u00bb media_link=\u00a0\u00bburl:https%3A%2F%2Fwww.google.com%2Fmaps%2Fplace%2FTecnoservice%2BEngineering%2BSA%2F%4047.0058478%2C6.9544069%2C17z%2Fdata%3D!3m1!4b1!4m5!3m4!1s0x478e0951ef92f0cd%3A0xcbde0941c4834ae0!8m2!3d47.0058224!4d6.9566323|title:Carte|target:%20_blank|\u00a0\u00bb][\/vc_column][vc_column column_width_percent=\u00a0\u00bb100&Prime; position_horizontal=\u00a0\u00bbleft\u00a0\u00bb gutter_size=\u00a0\u00bb3&Prime; override_padding=\u00a0\u00bbyes\u00a0\u00bb column_padding=\u00a0\u00bb5&Prime; back_color=\u00a0\u00bbcolor-lxmt\u00a0\u00bb overlay_alpha=\u00a0\u00bb0&Prime; shift_x=\u00a0\u00bb0&Prime; shift_y=\u00a0\u00bb0&Prime; shift_y_down=\u00a0\u00bb0&Prime; z_index=\u00a0\u00bb0&Prime; medium_width=\u00a0\u00bb100&Prime; mobile_width=\u00a0\u00bb0&Prime; zoom_width=\u00a0\u00bb0&Prime; zoom_height=\u00a0\u00bb0&Prime; width=\u00a0\u00bb2\/3&Prime; safe_padding=\u00a0\u00bbyes\u00a0\u00bb][vc_row_inner row_inner_height_percent=\u00a0\u00bb1&Prime; force_width_grid=\u00a0\u00bbyes\u00a0\u00bb overlay_alpha=\u00a0\u00bb50&Prime; gutter_size=\u00a0\u00bb4&Prime; shift_y=\u00a0\u00bb0&Prime; z_index=\u00a0\u00bb0&Prime;][vc_column_inner width=\u00a0\u00bb1\/2&Prime;][vc_icon icon=\u00a0\u00bbfa fa-list\u00a0\u00bb size=\u00a0\u00bbfa-4x\u00a0\u00bb text_size=\u00a0\u00bbh5&Prime; align=\u00a0\u00bbleft\u00a0\u00bb title=\u00a0\u00bbPrestations\u00a0\u00bb uncode_shortcode_id=\u00a0\u00bb171212&Prime;]<span style=\"color: #000000;\">&#8211; Gestion des projets dans toutes les phases d&rsquo;\u00e9tudes,<\/span><\/p>\n<p><span style=\"color: #000000;\">&#8211; Calculs et dimensionnements d&rsquo;installations techniques,<\/span><\/p>\n<p><span style=\"color: #000000;\">&#8211; \u00c9laboration des plans et sch\u00e9mas de principe,<\/span><\/p>\n<p><span style=\"color: #000000;\">&#8211; \u00c9laboration de soumissions pour appels d&rsquo;offres,<\/span><\/p>\n<p><span style=\"color: #000000;\">&#8211; Elaboration des documents n\u00e9cessaires au bon d\u00e9roulement des travaux,<\/span><\/p>\n<p><span style=\"color: #000000;\">&#8211; Coordination des installations de ventilation avec les autres techniques,<\/span><\/p>\n<p><span style=\"color: #000000;\">&#8211; Analyse des besoins, \u00e9laboration des solutions techniques et collaboration avec les partenaires du projet, pour assurer un suivi efficace et garantir une ex\u00e9cution dans les r\u00e8gles de l&rsquo;art,<\/span><\/p>\n<p><span style=\"color: #000000;\">&#8211; Participation aux s\u00e9ances de coordination et de chantier.<\/span>[\/vc_icon][vc_separator sep_color=\u00a0\u00bb,Default\u00a0\u00bb][vc_icon icon=\u00a0\u00bbfa fa-edit\u00a0\u00bb size=\u00a0\u00bbfa-4x\u00a0\u00bb text_size=\u00a0\u00bbh5&Prime; align=\u00a0\u00bbleft\u00a0\u00bb title=\u00a0\u00bbAptitudes requises\u00a0\u00bb uncode_shortcode_id=\u00a0\u00bb155314&Prime;]<span style=\"color: #000000;\">&#8211; Ma\u00eetrise des outils informatiques MS Office ainsi que des logiciels de dessin tels que AutoCAD (Revit ou Plancal sont un atout facultatif.),<\/span><\/p>\n<p><span style=\"color: #000000;\">&#8211; Exp\u00e9rience dans un domaine technique,<\/span><\/p>\n<p><span style=\"color: #000000;\">&#8211; Appr\u00e9cier les contacts et \u00eatre capable de travailler en \u00e9quipe avec des interlocuteurs vari\u00e9s,<\/span><\/p>\n<p><span style=\"color: #000000;\">&#8211; Ma\u00eetrise du fran\u00e7ais \u00e0 un niveau professionnel,<\/span><\/p>\n<p><span style=\"color: #000000;\">&#8211; Sens de l\u2019organisation, autonomie et ponctualit\u00e9,<\/span><\/p>\n<p><span style=\"color: #000000;\">&#8211; Int\u00e9r\u00eat pour le travail en bureau d&rsquo;\u00e9tudes, le dessin en CAO\/DAO et les calculs dans le domaine des installations techniques,<\/span><\/p>\n<p><span style=\"color: #000000;\">&#8211; Rapidit\u00e9 de compr\u00e9hension.<\/span>[\/vc_icon][\/vc_column_inner][vc_column_inner width=\u00a0\u00bb1\/2&Prime;][vc_icon icon=\u00a0\u00bbfa fa-graduation-hat\u00a0\u00bb size=\u00a0\u00bbfa-4x\u00a0\u00bb text_size=\u00a0\u00bbh5&Prime; align=\u00a0\u00bbleft\u00a0\u00bb title=\u00a0\u00bbFormation\u00a0\u00bb uncode_shortcode_id=\u00a0\u00bb176661&Prime;]<span style=\"color: #000000;\">Titulaire d&rsquo;un CFC de dessinateur projeteur en technique du b\u00e2timent &#8211; ventilation, de technicien ES ou \u00e9quivalent<\/span>[\/vc_icon][vc_separator sep_color=\u00a0\u00bb,Default\u00a0\u00bb][vc_icon icon=\u00a0\u00bbfa fa-calendar\u00a0\u00bb size=\u00a0\u00bbfa-4x\u00a0\u00bb text_size=\u00a0\u00bbh5&Prime; align=\u00a0\u00bbleft\u00a0\u00bb title=\u00a0\u00bbEntr\u00e9e en fonction\u00a0\u00bb uncode_shortcode_id=\u00a0\u00bb682392&Prime;]<span style=\"color: #000000;\">Mi-mars ou \u00e0 convenir.<\/span>[\/vc_icon][vc_separator sep_color=\u00a0\u00bb,Default\u00a0\u00bb][vc_icon icon=\u00a0\u00bbfa fa-credit-card\u00a0\u00bb size=\u00a0\u00bbfa-4x\u00a0\u00bb text_size=\u00a0\u00bbh5&Prime; align=\u00a0\u00bbleft\u00a0\u00bb title=\u00a0\u00bbSalaire et prestations sociales\u00a0\u00bb uncode_shortcode_id=\u00a0\u00bb500254&Prime;]<span style=\"color: #000000;\">&#8211; R\u00e9mun\u00e9ration \u00e0 convenir selon les exigences du poste et les comp\u00e9tences techniques,<\/span><\/p>\n<p><span style=\"color: #000000;\">&#8211; Travail vari\u00e9 d\u00fb \u00e0 la diversit\u00e9 des projets en cours et \u00e0 venir,<\/span><\/p>\n<p><span style=\"color: #000000;\">&#8211; Int\u00e9gration au sein d\u2019une \u00e9quipe dynamique,<\/span><\/p>\n<p><span style=\"color: #000000;\">&#8211; Perspective de progression et formation en entreprise avec conditions sociales attractives.<\/span>[\/vc_icon][vc_separator sep_color=\u00a0\u00bb,Default\u00a0\u00bb][vc_icon icon=\u00a0\u00bbfa fa-map-marker\u00a0\u00bb size=\u00a0\u00bbfa-4x\u00a0\u00bb text_size=\u00a0\u00bbh5&Prime; title=\u00a0\u00bbLieu\u00a0\u00bb]<span style=\"color: #000000;\">Succursale de Tecnoservice Engineering SA \u00e0 Neuch\u00e2tel<\/span><\/p>\n<p><span style=\"color: #000000;\">Adresse : Avenue du Vignoble 3 &#8211; 2000 Neuch\u00e2tel<\/span>[\/vc_icon][\/vc_column_inner][\/vc_row_inner][\/vc_column][\/vc_row]<\/p>\n<\/div>","protected":false},"excerpt":{"rendered":"<p>[vc_row unlock_row_content=\u00a0\u00bbyes\u00a0\u00bb row_height_percent=\u00a0\u00bb0&Prime; override_padding=\u00a0\u00bbyes\u00a0\u00bb h_padding=\u00a0\u00bb0&Prime; top_padding=\u00a0\u00bb0&Prime; bottom_padding=\u00a0\u00bb0&Prime; back_image=\u00a0\u00bb78363&Prime; overlay_alpha=\u00a0\u00bb100&Prime; equal_height=\u00a0\u00bbyes\u00a0\u00bb gutter_size=\u00a0\u00bb0&Prime; column_width_percent=\u00a0\u00bb100&Prime; shift_y=\u00a0\u00bb0&Prime; z_index=\u00a0\u00bb0&Prime; style=\u00a0\u00bbinherited\u00a0\u00bb][vc_column column_width_percent=\u00a0\u00bb100&Prime; position_horizontal=\u00a0\u00bbleft\u00a0\u00bb gutter_size=\u00a0\u00bb3&Prime; override_padding=\u00a0\u00bbyes\u00a0\u00bb column_padding=\u00a0\u00bb5&Prime; [&hellip;]<\/p>\n","protected":false},"author":2,"featured_media":0,"parent":75557,"menu_order":2,"comment_status":"closed","ping_status":"closed","template":"","meta":{"footnotes":""},"_links":{"self":[{"href":"https:\/\/www.tecnoservice.ch\/web\/wp-json\/wp\/v2\/pages\/78358"}],"collection":[{"href":"https:\/\/www.tecnoservice.ch\/web\/wp-json\/wp\/v2\/pages"}],"about":[{"href":"https:\/\/www.tecnoservice.ch\/web\/wp-json\/wp\/v2\/types\/page"}],"author":[{"embeddable":true,"href":"https:\/\/www.tecnoservice.ch\/web\/wp-json\/wp\/v2\/users\/2"}],"replies":[{"embeddable":true,"href":"https:\/\/www.tecnoservice.ch\/web\/wp-json\/wp\/v2\/comments?post=78358"}],"version-history":[{"count":15,"href":"https:\/\/www.tecnoservice.ch\/web\/wp-json\/wp\/v2\/pages\/78358\/revisions"}],"predecessor-version":[{"id":79484,"href":"https:\/\/www.tecnoservice.ch\/web\/wp-json\/wp\/v2\/pages\/78358\/revisions\/79484"}],"up":[{"embeddable":true,"href":"https:\/\/www.tecnoservice.ch\/web\/wp-json\/wp\/v2\/pages\/75557"}],"wp:attachment":[{"href":"https:\/\/www.tecnoservice.ch\/web\/wp-json\/wp\/v2\/media?parent=78358"}],"curies":[{"name":"wp","href":"https:\/\/api.w.org\/{rel}","templated":true}]}}