{"id":78951,"date":"2023-12-20T14:19:58","date_gmt":"2023-12-20T13:19:33","guid":{"rendered":"https:\/\/www.tecnoservice.ch\/web\/emploi-3\/annonce-chef-projet_e-tecnofr2023-2\/"},"modified":"2026-02-16T16:17:05","modified_gmt":"2026-02-16T15:17:05","slug":"annonce-planificateur_e-tecnofr2026","status":"publish","type":"page","link":"https:\/\/www.tecnoservice.ch\/web\/emploi-3\/annonce-planificateur_e-tecnofr2026\/","title":{"rendered":"Annonce emploi &#8211; Planificateur en installations \u00e9lectriques B\u00e2timent &#8211; Tecnoservice Fribourg 2026"},"content":{"rendered":"<div class=\"wpb-content-wrapper\"><p>[vc_row unlock_row_content=\u00a0\u00bbyes\u00a0\u00bb row_height_percent=\u00a0\u00bb0&Prime; override_padding=\u00a0\u00bbyes\u00a0\u00bb h_padding=\u00a0\u00bb0&Prime; top_padding=\u00a0\u00bb0&Prime; bottom_padding=\u00a0\u00bb0&Prime; back_image=\u00a0\u00bb77712&Prime; overlay_alpha=\u00a0\u00bb0&Prime; equal_height=\u00a0\u00bbyes\u00a0\u00bb gutter_size=\u00a0\u00bb0&Prime; column_width_percent=\u00a0\u00bb100&Prime; shift_y=\u00a0\u00bb0&Prime; z_index=\u00a0\u00bb0&Prime; style=\u00a0\u00bbinherited\u00a0\u00bb][vc_column column_width_percent=\u00a0\u00bb100&Prime; position_horizontal=\u00a0\u00bbleft\u00a0\u00bb gutter_size=\u00a0\u00bb3&Prime; override_padding=\u00a0\u00bbyes\u00a0\u00bb column_padding=\u00a0\u00bb5&Prime; back_color=\u00a0\u00bbcolor-xsdn\u00a0\u00bb overlay_alpha=\u00a0\u00bb100&Prime; shift_x=\u00a0\u00bb0&Prime; shift_y=\u00a0\u00bb0&Prime; z_index=\u00a0\u00bb0&Prime; medium_width=\u00a0\u00bb100&Prime; zoom_width=\u00a0\u00bb0&Prime; zoom_height=\u00a0\u00bb0&Prime; width=\u00a0\u00bb1\/3&Prime; safe_padding=\u00a0\u00bbyes\u00a0\u00bb][vc_custom_heading heading_semantic=\u00a0\u00bbh3&Prime; text_size=\u00a0\u00bbh3&Prime; text_weight=\u00a0\u00bb700&Prime; text_transform=\u00a0\u00bbuppercase\u00a0\u00bb uncode_shortcode_id=\u00a0\u00bb868351&Prime;]<span style=\"color: #000000;\">Charg\u00e9 d&rsquo;affaires, Planificateur<\/span><\/p>\n<p><span style=\"color: #000000;\">en installations \u00e9lectriques du b\u00e2timent<\/span><\/p>\n<p><span style=\"color: #000000;\">80 \u00e0 100% H\/F<\/span>[\/vc_custom_heading][vc_separator sep_color=\u00a0\u00bb,Default\u00a0\u00bb][vc_icon position=\u00a0\u00bbleft\u00a0\u00bb title_aligned_icon=\u00a0\u00bbyes\u00a0\u00bb icon=\u00a0\u00bbfa fa-envelope-o\u00a0\u00bb size=\u00a0\u00bbfa-2x\u00a0\u00bb text_size=\u00a0\u00bbh4&Prime; title=\u00a0\u00bbSi vous \u00eates int\u00e9ress\u00e9(e), vous pouvez nous contacter (026 425 88 38) ou nous envoyer vos candidatures et CV par mail \u00e0 : fribourg@tecnoservice.ch\u00a0\u00bb uncode_shortcode_id=\u00a0\u00bb133391&Prime;][\/vc_icon][vc_separator sep_color=\u00a0\u00bb,Default\u00a0\u00bb][vc_single_image media=\u00a0\u00bb75682&Prime; media_width_percent=\u00a0\u00bb100&Prime; advanced=\u00a0\u00bbyes\u00a0\u00bb media_items=\u00a0\u00bbmedia|original,icon|xl,description\u00a0\u00bb media_overlay_color=\u00a0\u00bbaccent\u00a0\u00bb media_overlay_opacity=\u00a0\u00bb50&Prime; media_h_align=\u00a0\u00bbcenter\u00a0\u00bb media_padding=\u00a0\u00bb2&Prime; media_icon=\u00a0\u00bbfa fa-map-marker\u00a0\u00bb media_link=\u00a0\u00bburl:https%3A%2F%2Fmaps.app.goo.gl%2F6U2ZjqoXEMdF7NXk8|title:Carte|target:_blank\u00a0\u00bb uncode_shortcode_id=\u00a0\u00bb180607&Prime; media_overlay_color_type=\u00a0\u00bbuncode-palette\u00a0\u00bb][\/vc_column][vc_column column_width_percent=\u00a0\u00bb100&Prime; position_horizontal=\u00a0\u00bbleft\u00a0\u00bb gutter_size=\u00a0\u00bb3&Prime; override_padding=\u00a0\u00bbyes\u00a0\u00bb column_padding=\u00a0\u00bb5&Prime; back_color=\u00a0\u00bbcolor-lxmt\u00a0\u00bb overlay_alpha=\u00a0\u00bb0&Prime; shift_x=\u00a0\u00bb0&Prime; shift_y=\u00a0\u00bb0&Prime; shift_y_down=\u00a0\u00bb0&Prime; z_index=\u00a0\u00bb0&Prime; medium_width=\u00a0\u00bb100&Prime; mobile_width=\u00a0\u00bb0&Prime; zoom_width=\u00a0\u00bb0&Prime; zoom_height=\u00a0\u00bb0&Prime; width=\u00a0\u00bb2\/3&Prime; safe_padding=\u00a0\u00bbyes\u00a0\u00bb][vc_row_inner row_inner_height_percent=\u00a0\u00bb1&Prime; force_width_grid=\u00a0\u00bbyes\u00a0\u00bb overlay_alpha=\u00a0\u00bb50&Prime; gutter_size=\u00a0\u00bb4&Prime; shift_y=\u00a0\u00bb0&Prime; z_index=\u00a0\u00bb0&Prime;][vc_column_inner width=\u00a0\u00bb1\/2&Prime;][vc_icon icon=\u00a0\u00bbfa fa-list\u00a0\u00bb size=\u00a0\u00bbfa-4x\u00a0\u00bb text_size=\u00a0\u00bbh5&Prime; align=\u00a0\u00bbleft\u00a0\u00bb title=\u00a0\u00bbT\u00e2ches confi\u00e9es\u00a0\u00bb uncode_shortcode_id=\u00a0\u00bb104911&Prime;]<\/p>\n<ul>\n<li><span style=\"color: #000000;\">Elaboration de projets en installations \u00e9lectriques du b\u00e2timent (calculs, \u00e9tudes),<\/span><\/li>\n<li><span style=\"color: #000000;\">Trac\u00e9 de plans et sch\u00e9mas de principe avec le logiciel Autocad,<\/span><\/li>\n<li><span style=\"color: #000000;\">Participation aux s\u00e9ances de coordination avec les autres mandataires de la construction,<\/span><\/li>\n<li><span style=\"color: #000000;\">Surveillance technique des travaux,<\/span><\/li>\n<li><span style=\"color: #000000;\">Elaboration de cahiers de soumission (sur logiciel Winprogitel).<\/span><\/li>\n<\/ul>\n<p>[\/vc_icon][vc_separator sep_color=\u00a0\u00bb,Default\u00a0\u00bb][vc_icon icon=\u00a0\u00bbfa fa-edit\u00a0\u00bb size=\u00a0\u00bbfa-4x\u00a0\u00bb text_size=\u00a0\u00bbh5&Prime; align=\u00a0\u00bbleft\u00a0\u00bb title=\u00a0\u00bbAptitudes requises\u00a0\u00bb uncode_shortcode_id=\u00a0\u00bb580273&Prime;]<\/p>\n<ul>\n<li><span style=\"color: #000000;\">Int\u00e9r\u00eat pour le travail en bureau d&rsquo;\u00e9tudes, les calculs li\u00e9s aux installations \u00e9lectriques du b\u00e2timent<\/span><\/li>\n<li><span style=\"color: #000000;\">Rapidit\u00e9 de compr\u00e9hension<\/span><\/li>\n<li><span style=\"color: #000000;\">Sens de l&rsquo;organisation et du travail en \u00e9quipe<\/span><\/li>\n<li><span style=\"color: #000000;\">Ponctualit\u00e9<\/span><\/li>\n<li><span style=\"color: #000000;\">Facilit\u00e9 d&rsquo;adaptation<\/span><\/li>\n<\/ul>\n<p>[\/vc_icon][vc_separator sep_color=\u00a0\u00bb,Default\u00a0\u00bb][vc_icon icon=\u00a0\u00bbfa fa-graduation-hat\u00a0\u00bb size=\u00a0\u00bbfa-4x\u00a0\u00bb text_size=\u00a0\u00bbh5&Prime; align=\u00a0\u00bbleft\u00a0\u00bb title=\u00a0\u00bbFormation\u00a0\u00bb uncode_shortcode_id=\u00a0\u00bb144209&Prime;]<span style=\"color: #000000;\">Formation en ad\u00e9quation avec les comp\u00e9tences demand\u00e9es<\/span>[\/vc_icon][vc_separator sep_color=\u00a0\u00bb,Default\u00a0\u00bb][\/vc_column_inner][vc_column_inner width=\u00a0\u00bb1\/2&Prime;][vc_icon icon=\u00a0\u00bbfa fa-calendar\u00a0\u00bb size=\u00a0\u00bbfa-4x\u00a0\u00bb text_size=\u00a0\u00bbh5&Prime; align=\u00a0\u00bbleft\u00a0\u00bb title=\u00a0\u00bbEntr\u00e9e en fonction\u00a0\u00bb uncode_shortcode_id=\u00a0\u00bb163839&Prime;]<span style=\"color: #000000;\">\u00e0 convenir.<\/span>[\/vc_icon][vc_separator sep_color=\u00a0\u00bb,Default\u00a0\u00bb][vc_icon icon=\u00a0\u00bbfa fa-credit-card\u00a0\u00bb size=\u00a0\u00bbfa-4x\u00a0\u00bb text_size=\u00a0\u00bbh5&Prime; align=\u00a0\u00bbleft\u00a0\u00bb title=\u00a0\u00bbSalaire et prestations sociales\u00a0\u00bb uncode_shortcode_id=\u00a0\u00bb147370&Prime;]<\/p>\n<ul>\n<li><span style=\"color: #000000;\">R\u00e9mun\u00e9ration int\u00e9ressante en rapport avec le niveau du candidat et les comp\u00e9tences techniques acquises<\/span><\/li>\n<li><span style=\"color: #000000;\">Place de travail stable<\/span><\/li>\n<li><span style=\"color: #000000;\">Travail int\u00e9ressant et vari\u00e9 dans une structure de bureau organis\u00e9e<\/span><\/li>\n<\/ul>\n<p>[\/vc_icon][vc_separator sep_color=\u00a0\u00bb,Default\u00a0\u00bb][vc_icon icon=\u00a0\u00bbfa fa-map-marker\u00a0\u00bb size=\u00a0\u00bbfa-4x\u00a0\u00bb text_size=\u00a0\u00bbh5&Prime; title=\u00a0\u00bbLieu\u00a0\u00bb uncode_shortcode_id=\u00a0\u00bb140049&Prime;]<span style=\"color: #000000;\">Si\u00e8ge social de Fribourg<\/span><\/p>\n<p><span style=\"color: #000000;\">Adresse : Route de Beaumont 20 &#8211; 1700 Fribourg<\/span>[\/vc_icon][\/vc_column_inner][\/vc_row_inner][\/vc_column][\/vc_row]<\/p>\n<\/div>","protected":false},"excerpt":{"rendered":"<p>[vc_row unlock_row_content=\u00a0\u00bbyes\u00a0\u00bb row_height_percent=\u00a0\u00bb0&Prime; override_padding=\u00a0\u00bbyes\u00a0\u00bb h_padding=\u00a0\u00bb0&Prime; top_padding=\u00a0\u00bb0&Prime; bottom_padding=\u00a0\u00bb0&Prime; back_image=\u00a0\u00bb77712&Prime; overlay_alpha=\u00a0\u00bb0&Prime; equal_height=\u00a0\u00bbyes\u00a0\u00bb gutter_size=\u00a0\u00bb0&Prime; column_width_percent=\u00a0\u00bb100&Prime; shift_y=\u00a0\u00bb0&Prime; z_index=\u00a0\u00bb0&Prime; style=\u00a0\u00bbinherited\u00a0\u00bb][vc_column column_width_percent=\u00a0\u00bb100&Prime; position_horizontal=\u00a0\u00bbleft\u00a0\u00bb gutter_size=\u00a0\u00bb3&Prime; override_padding=\u00a0\u00bbyes\u00a0\u00bb column_padding=\u00a0\u00bb5&Prime; [&hellip;]<\/p>\n","protected":false},"author":2,"featured_media":0,"parent":75557,"menu_order":1,"comment_status":"closed","ping_status":"closed","template":"","meta":{"footnotes":""},"_links":{"self":[{"href":"https:\/\/www.tecnoservice.ch\/web\/wp-json\/wp\/v2\/pages\/78951"}],"collection":[{"href":"https:\/\/www.tecnoservice.ch\/web\/wp-json\/wp\/v2\/pages"}],"about":[{"href":"https:\/\/www.tecnoservice.ch\/web\/wp-json\/wp\/v2\/types\/page"}],"author":[{"embeddable":true,"href":"https:\/\/www.tecnoservice.ch\/web\/wp-json\/wp\/v2\/users\/2"}],"replies":[{"embeddable":true,"href":"https:\/\/www.tecnoservice.ch\/web\/wp-json\/wp\/v2\/comments?post=78951"}],"version-history":[{"count":18,"href":"https:\/\/www.tecnoservice.ch\/web\/wp-json\/wp\/v2\/pages\/78951\/revisions"}],"predecessor-version":[{"id":79486,"href":"https:\/\/www.tecnoservice.ch\/web\/wp-json\/wp\/v2\/pages\/78951\/revisions\/79486"}],"up":[{"embeddable":true,"href":"https:\/\/www.tecnoservice.ch\/web\/wp-json\/wp\/v2\/pages\/75557"}],"wp:attachment":[{"href":"https:\/\/www.tecnoservice.ch\/web\/wp-json\/wp\/v2\/media?parent=78951"}],"curies":[{"name":"wp","href":"https:\/\/api.w.org\/{rel}","templated":true}]}}